{"id":18141,"date":"2020-05-11T15:59:56","date_gmt":"2020-05-11T13:59:56","guid":{"rendered":"https:\/\/spindle.team\/?page_id=18141"},"modified":"2020-07-21T16:06:56","modified_gmt":"2020-07-21T14:06:56","slug":"tools","status":"publish","type":"page","link":"https:\/\/spindle.team\/en\/tools\/","title":{"rendered":"Tools"},"content":{"rendered":"<p>[et_pb_section fb_built=&#8221;1&#8243; admin_label=&#8221;Hero Section&#8221; _builder_version=&#8221;4.2.2&#8243; use_background_color_gradient=&#8221;on&#8221; background_color_gradient_start=&#8221;#fee2d7&#8243; background_color_gradient_end=&#8221;#ffbba0&#8243; background_color_gradient_direction=&#8221;131deg&#8221; background_image=&#8221;https:\/\/spindle.team\/wp-content\/uploads\/2020\/02\/bg-ciel.jpg&#8221; custom_margin=&#8221;||-4px|||&#8221; custom_padding=&#8221;0px|0px|4px|0px||&#8221; animation_direction=&#8221;top&#8221; locked=&#8221;off&#8221;][et_pb_row column_structure=&#8221;2_5,3_5&#8243; custom_padding_last_edited=&#8221;on|phone&#8221; _builder_version=&#8221;4.2.2&#8243; max_width=&#8221;1440px&#8221; custom_margin=&#8221;|auto|40px|auto||&#8221; custom_margin_tablet=&#8221;&#8221; custom_margin_phone=&#8221;||20px||false|false&#8221; custom_margin_last_edited=&#8221;on|phone&#8221; custom_padding=&#8221;70px||0px||false|false&#8221; custom_padding_tablet=&#8221;&#8221; custom_padding_phone=&#8221;20px||||false|false&#8221; use_custom_width=&#8221;on&#8221; custom_width_px=&#8221;1440px&#8221;][et_pb_column type=&#8221;2_5&#8243; _builder_version=&#8221;3.25&#8243; custom_padding=&#8221;|||&#8221; custom_padding__hover=&#8221;|||&#8221;][et_pb_image src=&#8221;https:\/\/spindle.team\/wp-content\/uploads\/2020\/03\/bullets-3.svg&#8221; align=&#8221;right&#8221; module_class=&#8221;hide_on_mobile&#8221; _builder_version=&#8221;4.2.2&#8243; positioning=&#8221;absolute&#8221; position_origin_a=&#8221;bottom_center&#8221; vertical_offset=&#8221;-188px&#8221; width=&#8221;100%&#8221; height=&#8221;594px&#8221; custom_margin=&#8221;50px||||false|false&#8221;][\/et_pb_image][\/et_pb_column][et_pb_column type=&#8221;3_5&#8243; _builder_version=&#8221;3.25&#8243; custom_padding=&#8221;|||&#8221; custom_padding__hover=&#8221;|||&#8221;][et_pb_text _builder_version=&#8221;4.2.2&#8243; background_layout=&#8221;dark&#8221; width=&#8221;100%&#8221; min_height=&#8221;81px&#8221; custom_margin=&#8221;0px||27px||false|false&#8221; custom_padding=&#8221;0px||11px||false|false&#8221; locked=&#8221;off&#8221;]<\/p>\n<h1>tools_<\/h1>\n<p>[\/et_pb_text][\/et_pb_column][\/et_pb_row][\/et_pb_section][et_pb_section fb_built=&#8221;1&#8243; _builder_version=&#8221;4.2.2&#8243;][et_pb_row column_structure=&#8221;1_4,1_4,1_4,1_4&#8243; _builder_version=&#8221;4.2.2&#8243; max_width=&#8221;1920px&#8221;][et_pb_column type=&#8221;1_4&#8243; _builder_version=&#8221;4.2.2&#8243;][\/et_pb_column][et_pb_column type=&#8221;1_4&#8243; _builder_version=&#8221;4.2.2&#8243;][et_pb_text _builder_version=&#8221;4.3.4&#8243; header_2_font=&#8221;Averta-Black|700|||||||&#8221; header_2_font_size=&#8221;29px&#8221; custom_margin=&#8221;||0px||false|false&#8221; hover_enabled=&#8221;0&#8243; header_font_size_tablet=&#8221;&#8221; header_font_size_phone=&#8221;&#8221; header_font_size_last_edited=&#8221;on|desktop&#8221; locked=&#8221;off&#8221;]<\/p>\n<h2>the emerge\u00a9 model<\/h2>\n<p>[\/et_pb_text][et_pb_text _builder_version=&#8221;4.3.4&#8243; header_2_font=&#8221;Averta-Black|700|||||||&#8221; header_2_font_size=&#8221;29px&#8221; custom_margin=&#8221;||20px||false|false&#8221; header_font_size_tablet=&#8221;&#8221; header_font_size_phone=&#8221;&#8221; header_font_size_last_edited=&#8221;on|desktop&#8221; locked=&#8221;off&#8221;]<\/p>\n<p>With more than 15 years of R&amp;D, Spindle has developed a unique approach that integrates the best of the methods that promote agility.<\/p>\n<p>[\/et_pb_text][et_pb_code _builder_version=&#8221;4.3.4&#8243; text_orientation=&#8221;left&#8221; max_width=&#8221;500px&#8221; locked=&#8221;off&#8221;]<button class=\"bouton_anime_spindle\"><!-- [et_pb_line_break_holder] --><a href=\"\/en\/tools\/metamodel\/\">En savoir plus<\/a><\/button>[\/et_pb_code][\/et_pb_column][et_pb_column type=&#8221;1_4&#8243; _builder_version=&#8221;4.2.2&#8243;][et_pb_text _builder_version=&#8221;4.2.2&#8243; header_2_font=&#8221;Averta-Black|700|||||||&#8221; header_2_font_size=&#8221;29px&#8221; custom_margin=&#8221;||0px||false|false&#8221; header_font_size_tablet=&#8221;&#8221; header_font_size_phone=&#8221;&#8221; header_font_size_last_edited=&#8221;on|desktop&#8221; locked=&#8221;off&#8221;]<\/p>\n<h2>Holoon<\/h2>\n<p>[\/et_pb_text][et_pb_text _builder_version=&#8221;4.3.4&#8243; header_2_font=&#8221;Averta-Black|700|||||||&#8221; header_2_font_size=&#8221;29px&#8221; custom_margin=&#8221;||20px||false|false&#8221; header_font_size_tablet=&#8221;&#8221; header_font_size_phone=&#8221;&#8221; header_font_size_last_edited=&#8221;on|desktop&#8221; locked=&#8221;off&#8221;]<\/p>\n<p>Spindle has developed in partnership with Holoon, a platform to support the process of cultural transformation.<\/p>\n<p>[\/et_pb_text][et_pb_code _builder_version=&#8221;4.3.4&#8243; text_orientation=&#8221;left&#8221; max_width=&#8221;500px&#8221; locked=&#8221;off&#8221;]<button class=\"bouton_anime_spindle\"><!-- [et_pb_line_break_holder] --><a href=\"https:\/\/spindle.team\/en\/tools\/holoon\/\">En savoir plus<\/a><\/button>[\/et_pb_code][\/et_pb_column][et_pb_column type=&#8221;1_4&#8243; _builder_version=&#8221;4.2.2&#8243;][\/et_pb_column][\/et_pb_row][\/et_pb_section]<\/p>\n","protected":false},"excerpt":{"rendered":"<p>tools_the emerge\u00a9 model With more than 15 years of R&amp;D, Spindle has developed a unique approach that integrates the best of the methods that promote agility.HoloonSpindle has developed in partnership with Holoon, a platform to support the process of cultural transformation.<\/p>\n","protected":false},"author":1,"featured_media":0,"parent":0,"menu_order":0,"comment_status":"closed","ping_status":"closed","template":"","meta":{"_et_pb_use_builder":"on","_et_pb_old_content":"[et_pb_section fb_built=\"1\" admin_label=\"Hero Section\" _builder_version=\"4.2.2\" use_background_color_gradient=\"on\" background_color_gradient_start=\"#fee2d7\" background_color_gradient_end=\"#ffbba0\" background_color_gradient_direction=\"131deg\" background_image=\"https:\/\/spindle.team\/wp-content\/uploads\/2020\/02\/bg-ciel.jpg\" custom_margin=\"||-4px|||\" custom_padding=\"0px|0px|4px|0px||\" animation_direction=\"top\" locked=\"off\"][et_pb_row column_structure=\"2_5,3_5\" custom_padding_last_edited=\"on|phone\" _builder_version=\"4.2.2\" max_width=\"1440px\" custom_margin=\"|auto|40px|auto||\" custom_margin_tablet=\"\" custom_margin_phone=\"||20px||false|false\" custom_margin_last_edited=\"on|phone\" custom_padding=\"70px||0px||false|false\" custom_padding_tablet=\"\" custom_padding_phone=\"20px||||false|false\" use_custom_width=\"on\" custom_width_px=\"1440px\"][et_pb_column type=\"2_5\" _builder_version=\"3.25\" custom_padding=\"|||\" custom_padding__hover=\"|||\"][et_pb_image src=\"https:\/\/spindle.team\/wp-content\/uploads\/2020\/03\/bullets-3.svg\" align=\"right\" module_class=\"hide_on_mobile\" _builder_version=\"4.2.2\" positioning=\"absolute\" position_origin_a=\"bottom_center\" vertical_offset=\"-188px\" width=\"100%\" height=\"594px\" custom_margin=\"50px||||false|false\"][\/et_pb_image][\/et_pb_column][et_pb_column type=\"3_5\" _builder_version=\"3.25\" custom_padding=\"|||\" custom_padding__hover=\"|||\"][et_pb_text _builder_version=\"4.2.2\" background_layout=\"dark\" width=\"100%\" min_height=\"81px\" custom_margin=\"0px||27px||false|false\" custom_padding=\"0px||11px||false|false\" locked=\"off\"]<h1>outils_<\/h1>[\/et_pb_text][\/et_pb_column][\/et_pb_row][\/et_pb_section][et_pb_section fb_built=\"1\" _builder_version=\"4.2.2\"][et_pb_row column_structure=\"1_4,1_4,1_4,1_4\" _builder_version=\"4.2.2\" max_width=\"1920px\"][et_pb_column type=\"1_4\" _builder_version=\"4.2.2\"][\/et_pb_column][et_pb_column type=\"1_4\" _builder_version=\"4.2.2\"][et_pb_text _builder_version=\"4.2.2\" header_2_font=\"Averta-Black|700|||||||\" header_2_font_size=\"29px\" custom_margin=\"||0px||false|false\" header_font_size_tablet=\"\" header_font_size_phone=\"\" header_font_size_last_edited=\"on|desktop\" locked=\"off\"]<h2>M\u00e9tamod\u00e8le<\/h2>[\/et_pb_text][et_pb_text _builder_version=\"4.2.2\" header_2_font=\"Averta-Black|700|||||||\" header_2_font_size=\"29px\" custom_margin=\"||20px||false|false\" header_font_size_tablet=\"\" header_font_size_phone=\"\" header_font_size_last_edited=\"on|desktop\" locked=\"off\"]Fort de plus de 15 ans de R&D, Spindle a d\u00e9velopp\u00e9 une approche unique qui int\u00e8gre le meilleur des m\u00e9thodes qui favorisant l\u2019agilit\u00e9.[\/et_pb_text][et_pb_code _builder_version=\"4.2.2\" text_orientation=\"left\" max_width=\"500px\" locked=\"off\"]<button class=\"bouton_anime_spindle\"><!-- [et_pb_line_break_holder] --><a href=\"\/nous-spindle\/metamodele\/\">En savoir plus<\/a><\/button>[\/et_pb_code][\/et_pb_column][et_pb_column type=\"1_4\" _builder_version=\"4.2.2\"][et_pb_text _builder_version=\"4.2.2\" header_2_font=\"Averta-Black|700|||||||\" header_2_font_size=\"29px\" custom_margin=\"||0px||false|false\" header_font_size_tablet=\"\" header_font_size_phone=\"\" header_font_size_last_edited=\"on|desktop\" locked=\"off\"]<h2>Holoon<\/h2>[\/et_pb_text][et_pb_text _builder_version=\"4.2.2\" header_2_font=\"Averta-Black|700|||||||\" header_2_font_size=\"29px\" custom_margin=\"||20px||false|false\" header_font_size_tablet=\"\" header_font_size_phone=\"\" header_font_size_last_edited=\"on|desktop\" locked=\"off\"]Spindle a d\u00e9velopp\u00e9 en partenariat avec la soci\u00e9t\u00e9 Holoon, une plateforme pour soutenir le processus de transformation culturelle.[\/et_pb_text][et_pb_code _builder_version=\"4.2.2\" text_orientation=\"left\" max_width=\"500px\" locked=\"off\"]<button class=\"bouton_anime_spindle\"><!-- [et_pb_line_break_holder] --><a href=\"\/nous-spindle\/holoon\/\">En savoir plus<\/a><\/button>[\/et_pb_code][\/et_pb_column][et_pb_column type=\"1_4\" _builder_version=\"4.2.2\"][\/et_pb_column][\/et_pb_row][\/et_pb_section]","_et_gb_content_width":"","footnotes":""},"class_list":["post-18141","page","type-page","status-publish","hentry"],"yoast_head":"<!-- This site is optimized with the Yoast SEO plugin v27.3 - https:\/\/yoast.com\/product\/yoast-seo-wordpress\/ -->\n<title>Tools - Spindle<\/title>\n<meta name=\"robots\" content=\"index, follow, max-snippet:-1, max-image-preview:large, max-video-preview:-1\" \/>\n<link rel=\"canonical\" href=\"https:\/\/spindle.team\/en\/tools\/\" \/>\n<meta property=\"og:locale\" content=\"en_US\" \/>\n<meta property=\"og:type\" content=\"article\" \/>\n<meta property=\"og:title\" content=\"Tools - Spindle\" \/>\n<meta property=\"og:description\" content=\"tools_the emerge\u00a9 model With more than 15 years of R&amp;D, Spindle has developed a unique approach that integrates the best of the methods that promote agility.HoloonSpindle has developed in partnership with Holoon, a platform to support the process of cultural transformation.\" \/>\n<meta property=\"og:url\" content=\"https:\/\/spindle.team\/en\/tools\/\" \/>\n<meta property=\"og:site_name\" content=\"Spindle\" \/>\n<meta property=\"article:modified_time\" content=\"2020-07-21T14:06:56+00:00\" \/>\n<meta name=\"twitter:card\" content=\"summary_large_image\" \/>\n<meta name=\"twitter:site\" content=\"@SpindleAgile\" \/>\n<meta name=\"twitter:label1\" content=\"Est. reading time\" \/>\n\t<meta name=\"twitter:data1\" content=\"3 minutes\" \/>\n<script type=\"application\/ld+json\" class=\"yoast-schema-graph\">{\"@context\":\"https:\\\/\\\/schema.org\",\"@graph\":[{\"@type\":\"WebPage\",\"@id\":\"https:\\\/\\\/spindle.team\\\/en\\\/tools\\\/\",\"url\":\"https:\\\/\\\/spindle.team\\\/en\\\/tools\\\/\",\"name\":\"Tools - Spindle\",\"isPartOf\":{\"@id\":\"https:\\\/\\\/spindle.team\\\/#website\"},\"datePublished\":\"2020-05-11T13:59:56+00:00\",\"dateModified\":\"2020-07-21T14:06:56+00:00\",\"breadcrumb\":{\"@id\":\"https:\\\/\\\/spindle.team\\\/en\\\/tools\\\/#breadcrumb\"},\"inLanguage\":\"en-US\",\"potentialAction\":[{\"@type\":\"ReadAction\",\"target\":[\"https:\\\/\\\/spindle.team\\\/en\\\/tools\\\/\"]}]},{\"@type\":\"BreadcrumbList\",\"@id\":\"https:\\\/\\\/spindle.team\\\/en\\\/tools\\\/#breadcrumb\",\"itemListElement\":[{\"@type\":\"ListItem\",\"position\":1,\"name\":\"Accueil\",\"item\":\"https:\\\/\\\/spindle.team\\\/en\\\/\"},{\"@type\":\"ListItem\",\"position\":2,\"name\":\"Tools\"}]},{\"@type\":\"WebSite\",\"@id\":\"https:\\\/\\\/spindle.team\\\/#website\",\"url\":\"https:\\\/\\\/spindle.team\\\/\",\"name\":\"Spindle\",\"description\":\"agile interactions\",\"publisher\":{\"@id\":\"https:\\\/\\\/spindle.team\\\/#organization\"},\"potentialAction\":[{\"@type\":\"SearchAction\",\"target\":{\"@type\":\"EntryPoint\",\"urlTemplate\":\"https:\\\/\\\/spindle.team\\\/?s={search_term_string}\"},\"query-input\":{\"@type\":\"PropertyValueSpecification\",\"valueRequired\":true,\"valueName\":\"search_term_string\"}}],\"inLanguage\":\"en-US\"},{\"@type\":\"Organization\",\"@id\":\"https:\\\/\\\/spindle.team\\\/#organization\",\"name\":\"Spindle\",\"url\":\"https:\\\/\\\/spindle.team\\\/\",\"logo\":{\"@type\":\"ImageObject\",\"inLanguage\":\"en-US\",\"@id\":\"https:\\\/\\\/spindle.team\\\/#\\\/schema\\\/logo\\\/image\\\/\",\"url\":\"https:\\\/\\\/spindle.team\\\/wp-content\\\/uploads\\\/2020\\\/09\\\/newlogo-spindle-1-e1600856111458.png\",\"contentUrl\":\"https:\\\/\\\/spindle.team\\\/wp-content\\\/uploads\\\/2020\\\/09\\\/newlogo-spindle-1-e1600856111458.png\",\"width\":1200,\"height\":399,\"caption\":\"Spindle\"},\"image\":{\"@id\":\"https:\\\/\\\/spindle.team\\\/#\\\/schema\\\/logo\\\/image\\\/\"},\"sameAs\":[\"https:\\\/\\\/x.com\\\/SpindleAgile\",\"https:\\\/\\\/www.linkedin.com\\\/company\\\/spindle-agile\\\/\",\"https:\\\/\\\/www.youtube.com\\\/channel\\\/UCDC9QfB44OWw0fo86fPCXyg\"]}]}<\/script>\n<!-- \/ Yoast SEO plugin. -->","yoast_head_json":{"title":"Tools - Spindle","robots":{"index":"index","follow":"follow","max-snippet":"max-snippet:-1","max-image-preview":"max-image-preview:large","max-video-preview":"max-video-preview:-1"},"canonical":"https:\/\/spindle.team\/en\/tools\/","og_locale":"en_US","og_type":"article","og_title":"Tools - Spindle","og_description":"tools_the emerge\u00a9 model With more than 15 years of R&amp;D, Spindle has developed a unique approach that integrates the best of the methods that promote agility.HoloonSpindle has developed in partnership with Holoon, a platform to support the process of cultural transformation.","og_url":"https:\/\/spindle.team\/en\/tools\/","og_site_name":"Spindle","article_modified_time":"2020-07-21T14:06:56+00:00","twitter_card":"summary_large_image","twitter_site":"@SpindleAgile","twitter_misc":{"Est. reading time":"3 minutes"},"schema":{"@context":"https:\/\/schema.org","@graph":[{"@type":"WebPage","@id":"https:\/\/spindle.team\/en\/tools\/","url":"https:\/\/spindle.team\/en\/tools\/","name":"Tools - Spindle","isPartOf":{"@id":"https:\/\/spindle.team\/#website"},"datePublished":"2020-05-11T13:59:56+00:00","dateModified":"2020-07-21T14:06:56+00:00","breadcrumb":{"@id":"https:\/\/spindle.team\/en\/tools\/#breadcrumb"},"inLanguage":"en-US","potentialAction":[{"@type":"ReadAction","target":["https:\/\/spindle.team\/en\/tools\/"]}]},{"@type":"BreadcrumbList","@id":"https:\/\/spindle.team\/en\/tools\/#breadcrumb","itemListElement":[{"@type":"ListItem","position":1,"name":"Accueil","item":"https:\/\/spindle.team\/en\/"},{"@type":"ListItem","position":2,"name":"Tools"}]},{"@type":"WebSite","@id":"https:\/\/spindle.team\/#website","url":"https:\/\/spindle.team\/","name":"Spindle","description":"agile interactions","publisher":{"@id":"https:\/\/spindle.team\/#organization"},"potentialAction":[{"@type":"SearchAction","target":{"@type":"EntryPoint","urlTemplate":"https:\/\/spindle.team\/?s={search_term_string}"},"query-input":{"@type":"PropertyValueSpecification","valueRequired":true,"valueName":"search_term_string"}}],"inLanguage":"en-US"},{"@type":"Organization","@id":"https:\/\/spindle.team\/#organization","name":"Spindle","url":"https:\/\/spindle.team\/","logo":{"@type":"ImageObject","inLanguage":"en-US","@id":"https:\/\/spindle.team\/#\/schema\/logo\/image\/","url":"https:\/\/spindle.team\/wp-content\/uploads\/2020\/09\/newlogo-spindle-1-e1600856111458.png","contentUrl":"https:\/\/spindle.team\/wp-content\/uploads\/2020\/09\/newlogo-spindle-1-e1600856111458.png","width":1200,"height":399,"caption":"Spindle"},"image":{"@id":"https:\/\/spindle.team\/#\/schema\/logo\/image\/"},"sameAs":["https:\/\/x.com\/SpindleAgile","https:\/\/www.linkedin.com\/company\/spindle-agile\/","https:\/\/www.youtube.com\/channel\/UCDC9QfB44OWw0fo86fPCXyg"]}]}},"_links":{"self":[{"href":"https:\/\/spindle.team\/en\/wp-json\/wp\/v2\/pages\/18141","targetHints":{"allow":["GET"]}}],"collection":[{"href":"https:\/\/spindle.team\/en\/wp-json\/wp\/v2\/pages"}],"about":[{"href":"https:\/\/spindle.team\/en\/wp-json\/wp\/v2\/types\/page"}],"author":[{"embeddable":true,"href":"https:\/\/spindle.team\/en\/wp-json\/wp\/v2\/users\/1"}],"replies":[{"embeddable":true,"href":"https:\/\/spindle.team\/en\/wp-json\/wp\/v2\/comments?post=18141"}],"version-history":[{"count":7,"href":"https:\/\/spindle.team\/en\/wp-json\/wp\/v2\/pages\/18141\/revisions"}],"predecessor-version":[{"id":18635,"href":"https:\/\/spindle.team\/en\/wp-json\/wp\/v2\/pages\/18141\/revisions\/18635"}],"wp:attachment":[{"href":"https:\/\/spindle.team\/en\/wp-json\/wp\/v2\/media?parent=18141"}],"curies":[{"name":"wp","href":"https:\/\/api.w.org\/{rel}","templated":true}]}}