{"id":18188,"date":"2020-05-12T10:50:16","date_gmt":"2020-05-12T08:50:16","guid":{"rendered":"https:\/\/spindle.team\/?page_id=18188"},"modified":"2020-06-18T11:06:22","modified_gmt":"2020-06-18T09:06:22","slug":"certification-path","status":"publish","type":"page","link":"https:\/\/spindle.team\/en\/services\/certification-path\/","title":{"rendered":"Certification path"},"content":{"rendered":"<p>[et_pb_section fb_built=&#8221;1&#8243; admin_label=&#8221;Hero Section&#8221; _builder_version=&#8221;4.2.2&#8243; use_background_color_gradient=&#8221;on&#8221; background_color_gradient_start=&#8221;#fee2d7&#8243; background_color_gradient_end=&#8221;#ffbba0&#8243; background_color_gradient_direction=&#8221;131deg&#8221; background_image=&#8221;https:\/\/spindle.team\/wp-content\/uploads\/2020\/02\/bg-ciel.jpg&#8221; custom_margin=&#8221;||-4px|||&#8221; custom_padding=&#8221;0px|0px|4px|0px||&#8221; animation_direction=&#8221;top&#8221;][et_pb_row column_structure=&#8221;2_5,3_5&#8243; custom_padding_last_edited=&#8221;on|phone&#8221; _builder_version=&#8221;4.2.2&#8243; max_width=&#8221;1440px&#8221; custom_margin=&#8221;|auto|40px|auto||&#8221; custom_margin_tablet=&#8221;&#8221; custom_margin_phone=&#8221;||20px||false|false&#8221; custom_margin_last_edited=&#8221;on|phone&#8221; custom_padding=&#8221;70px||0px||false|false&#8221; custom_padding_tablet=&#8221;&#8221; custom_padding_phone=&#8221;20px||||false|false&#8221; use_custom_width=&#8221;on&#8221; custom_width_px=&#8221;1440px&#8221;][et_pb_column type=&#8221;2_5&#8243; disabled_on=&#8221;off|off|off&#8221; _builder_version=&#8221;4.2.2&#8243; custom_padding=&#8221;|||&#8221; custom_padding__hover=&#8221;|||&#8221;][et_pb_image src=&#8221;https:\/\/spindle.team\/wp-content\/uploads\/2020\/03\/bullets-3.svg&#8221; align=&#8221;right&#8221; module_class=&#8221;hide_on_mobile&#8221; _builder_version=&#8221;4.2.2&#8243; positioning=&#8221;absolute&#8221; position_origin_a=&#8221;bottom_center&#8221; vertical_offset=&#8221;-235px&#8221; width=&#8221;100%&#8221; height=&#8221;594px&#8221; custom_margin=&#8221;50px||||false|false&#8221;][\/et_pb_image][\/et_pb_column][et_pb_column type=&#8221;3_5&#8243; _builder_version=&#8221;3.25&#8243; custom_padding=&#8221;|||&#8221; custom_padding__hover=&#8221;|||&#8221;][et_pb_text _builder_version=&#8221;4.3.4&#8243; background_layout=&#8221;dark&#8221; width=&#8221;100%&#8221; min_height=&#8221;81px&#8221; custom_margin=&#8221;0px||0px||false|false&#8221; custom_padding=&#8221;0px||11px||false|false&#8221; locked=&#8221;off&#8221;]<\/p>\n<h1>Certification path_<\/h1>\n<p>[\/et_pb_text][\/et_pb_column][\/et_pb_row][\/et_pb_section][et_pb_section fb_built=&#8221;1&#8243; _builder_version=&#8221;4.2.2&#8243; background_color=&#8221;#ffffff&#8221; custom_margin=&#8221;||||false|false&#8221; custom_padding=&#8221;5px||5px||true|false&#8221; border_style_all=&#8221;dotted&#8221; border_color_bottom=&#8221;rgba(51,51,51,0.07)&#8221; saved_tabs=&#8221;all&#8221;][et_pb_row _builder_version=&#8221;4.2.2&#8243; width=&#8221;90%&#8221; max_width=&#8221;1920px&#8221; custom_padding=&#8221;4px||5px|||&#8221;][et_pb_column type=&#8221;4_4&#8243; _builder_version=&#8221;4.2.2&#8243;][et_pb_text _builder_version=&#8221;4.2.2&#8243; custom_margin=&#8221;0px||0px||true|false&#8221; custom_padding=&#8221;0px||0px||true|false&#8221;]<\/p>\n<p id=\"breadcrumbs\"><span><span><a href=\"https:\/\/spindle.team\/en\/\">Accueil<\/a><\/span><\/span><\/p>\n<p>[\/et_pb_text][\/et_pb_column][\/et_pb_row][\/et_pb_section][et_pb_section fb_built=&#8221;1&#8243; custom_padding_last_edited=&#8221;on|phone&#8221; admin_label=&#8221;Collections&#8221; _builder_version=&#8221;4.4.1&#8243; background_enable_color=&#8221;off&#8221; use_background_color_gradient=&#8221;on&#8221; background_color_gradient_start=&#8221;rgba(236,235,228,0)&#8221; background_color_gradient_end=&#8221;rgba(236,235,228,0.18)&#8221; background_color_gradient_direction=&#8221;176deg&#8221; background_color_gradient_start_position=&#8221;15%&#8221; background_color_gradient_end_position=&#8221;15%&#8221; custom_margin=&#8221;||||false|false&#8221; custom_padding=&#8221;66px|0px|66px|0px|true|false&#8221; custom_padding_tablet=&#8221;&#8221; custom_padding_phone=&#8221;40px|0px|40px|0px|true|false&#8221;][et_pb_row column_structure=&#8221;1_2,1_2&#8243; make_equal=&#8221;on&#8221; _builder_version=&#8221;4.2.2&#8243; background_color=&#8221;#ffffff&#8221; width_tablet=&#8221;&#8221; width_phone=&#8221;100%&#8221; width_last_edited=&#8221;on|phone&#8221; module_alignment=&#8221;center&#8221; custom_margin=&#8221;|411px|-2px|auto|false|false&#8221; custom_padding=&#8221;0px||0px|&#8221; box_shadow_style=&#8221;preset3&#8243; box_shadow_vertical=&#8221;40px&#8221; box_shadow_blur=&#8221;50px&#8221; box_shadow_color=&#8221;rgba(0,0,0,0.1)&#8221;][et_pb_column type=&#8221;1_2&#8243; _builder_version=&#8221;4.2.2&#8243; background_enable_color=&#8221;off&#8221; use_background_color_gradient=&#8221;on&#8221; background_color_gradient_start=&#8221;#ff5acd&#8221; background_color_gradient_end=&#8221;#fbda61&#8243; background_color_gradient_direction=&#8221;34deg&#8221; custom_padding=&#8221;|5%||5%&#8221; custom_padding__hover=&#8221;|||&#8221;][et_pb_image src=&#8221;https:\/\/spindle.team\/wp-content\/uploads\/2020\/03\/img-seminaires.jpg&#8221; align=&#8221;center&#8221; align_tablet=&#8221;center&#8221; align_phone=&#8221;&#8221; align_last_edited=&#8221;on|desktop&#8221; _builder_version=&#8221;4.2.2&#8243; custom_margin=&#8221;-20px||-20px|&#8221; custom_padding=&#8221;|||&#8221; animation_style=&#8221;zoom&#8221; animation_direction=&#8221;left&#8221; animation_intensity_zoom=&#8221;10%&#8221; animation_starting_opacity=&#8221;100%&#8221;][\/et_pb_image][\/et_pb_column][et_pb_column type=&#8221;1_2&#8243; _builder_version=&#8221;4.2.2&#8243; background_color=&#8221;#ffffff&#8221; custom_padding=&#8221;40px|40px|40px|40px&#8221; custom_padding__hover=&#8221;|||&#8221;][et_pb_text _builder_version=&#8221;4.3.4&#8243; header_font=&#8221;||||||||&#8221; header_2_font=&#8221;||||||||&#8221; module_alignment=&#8221;center&#8221; custom_margin=&#8221;||30px|&#8221;]<\/p>\n<p>We believe that there is an urgent need to challenge the ways of working in the Organizations and we observe that our approach allows to achieve a positive impact quickly.<\/p>\n<p>Because we want to share our know-how with as many people as possible, we have developed, in partnership with\u00a0<a href=\"https:\/\/www.coachingways-executive.fr\/\">Coaching Ways<\/a>, a certification training path. It is intended for any catalyst of change in organizations, managers and coaches.<\/p>\n<p>Thus, we train and certify two new pioneering professions for the 21st century Organization:<\/p>\n<ul>\n<li>The Agile Team Mentor (level 1)<\/li>\n<li>The Agile Organization Mentor (level 2)<\/li>\n<\/ul>\n<p>&nbsp;<\/p>\n<p><span style=\"text-decoration: underline;\">Please note that our training is only available in French at the moment. If you&#8217;re interested, please contact us at certif@spindle.team<\/span><\/p>\n<p>[\/et_pb_text][\/et_pb_column][\/et_pb_row][\/et_pb_section][et_pb_section fb_built=&#8221;1&#8243; admin_label=&#8221;Footer&#8221; _builder_version=&#8221;4.2.2&#8243; background_image=&#8221;https:\/\/spindle.team\/wp-content\/uploads\/2020\/03\/bg-ciel.jpg&#8221; parallax=&#8221;on&#8221; custom_padding=&#8221;90px||90px|&#8221; saved_tabs=&#8221;all&#8221;][\/et_pb_section]<\/p>\n","protected":false},"excerpt":{"rendered":"<p>Certification path_<p id=\"breadcrumbs\"><span><span><a href=\"https:\/\/spindle.team\/en\/\">Accueil<\/a><\/span><\/span><\/p>We believe that there is an urgent need to challenge the ways of working in the Organizations and we observe that our approach allows to achieve a positive impact quickly. Because we want to share our know-how with as many people as possible, we have developed, in partnership with\u00a0Coaching Ways, a certification training path. [&hellip;]<\/p>\n","protected":false},"author":1,"featured_media":0,"parent":18158,"menu_order":0,"comment_status":"closed","ping_status":"closed","template":"","meta":{"_et_pb_use_builder":"on","_et_pb_old_content":"[et_pb_section fb_built=\"1\" admin_label=\"Hero Section\" _builder_version=\"4.2.2\" use_background_color_gradient=\"on\" background_color_gradient_start=\"#fee2d7\" background_color_gradient_end=\"#ffbba0\" background_color_gradient_direction=\"131deg\" background_image=\"https:\/\/spindle.team\/wp-content\/uploads\/2020\/02\/bg-ciel.jpg\" custom_margin=\"||-4px|||\" custom_padding=\"0px|0px|4px|0px||\" animation_direction=\"top\"][et_pb_row column_structure=\"2_5,3_5\" custom_padding_last_edited=\"on|phone\" _builder_version=\"4.2.2\" max_width=\"1440px\" custom_margin=\"|auto|40px|auto||\" custom_margin_tablet=\"\" custom_margin_phone=\"||20px||false|false\" custom_margin_last_edited=\"on|phone\" custom_padding=\"70px||0px||false|false\" custom_padding_tablet=\"\" custom_padding_phone=\"20px||||false|false\" use_custom_width=\"on\" custom_width_px=\"1440px\"][et_pb_column type=\"2_5\" disabled_on=\"off|off|off\" _builder_version=\"4.2.2\" custom_padding=\"|||\" custom_padding__hover=\"|||\"][et_pb_image src=\"https:\/\/spindle.team\/wp-content\/uploads\/2020\/03\/bullets-3.svg\" align=\"right\" module_class=\"hide_on_mobile\" _builder_version=\"4.2.2\" positioning=\"absolute\" position_origin_a=\"bottom_center\" vertical_offset=\"-235px\" width=\"100%\" height=\"594px\" custom_margin=\"50px||||false|false\"][\/et_pb_image][\/et_pb_column][et_pb_column type=\"3_5\" _builder_version=\"3.25\" custom_padding=\"|||\" custom_padding__hover=\"|||\"][et_pb_text _builder_version=\"4.2.2\" background_layout=\"dark\" width=\"100%\" min_height=\"81px\" custom_margin=\"0px||0px||false|false\" custom_padding=\"0px||11px||false|false\" locked=\"off\"]<h1>parcours certifiants_<\/h1>[\/et_pb_text][\/et_pb_column][\/et_pb_row][\/et_pb_section][et_pb_section fb_built=\"1\" _builder_version=\"4.2.2\" background_color=\"#ffffff\" custom_margin=\"||||false|false\" custom_padding=\"5px||5px||true|false\" border_style_all=\"dotted\" border_color_bottom=\"rgba(51,51,51,0.07)\" global_module=\"4764\" saved_tabs=\"all\"][et_pb_row _builder_version=\"4.2.2\" width=\"90%\" max_width=\"1920px\" custom_padding=\"4px||5px|||\"][et_pb_column type=\"4_4\" _builder_version=\"4.2.2\"][et_pb_text _builder_version=\"4.2.2\" custom_margin=\"0px||0px||true|false\" custom_padding=\"0px||0px||true|false\"]<p>[arx_display_breadcrumbs][\/arx_display_breadcrumbs]<\/p>[\/et_pb_text][\/et_pb_column][\/et_pb_row][\/et_pb_section][et_pb_section fb_built=\"1\" custom_padding_last_edited=\"on|phone\" admin_label=\"Collections\" _builder_version=\"4.4.1\" background_enable_color=\"off\" use_background_color_gradient=\"on\" background_color_gradient_start=\"rgba(236,235,228,0)\" background_color_gradient_end=\"rgba(236,235,228,0.18)\" background_color_gradient_direction=\"176deg\" background_color_gradient_start_position=\"15%\" background_color_gradient_end_position=\"15%\" custom_margin=\"||||false|false\" custom_padding=\"66px|0px|66px|0px|true|false\" custom_padding_tablet=\"\" custom_padding_phone=\"40px|0px|40px|0px|true|false\"][et_pb_row column_structure=\"1_2,1_2\" make_equal=\"on\" _builder_version=\"4.2.2\" background_color=\"#ffffff\" width_tablet=\"\" width_phone=\"100%\" width_last_edited=\"on|phone\" module_alignment=\"center\" custom_margin=\"|411px|-2px|auto|false|false\" custom_padding=\"0px||0px|\" box_shadow_style=\"preset3\" box_shadow_vertical=\"40px\" box_shadow_blur=\"50px\" box_shadow_color=\"rgba(0,0,0,0.1)\"][et_pb_column type=\"1_2\" _builder_version=\"4.2.2\" background_enable_color=\"off\" use_background_color_gradient=\"on\" background_color_gradient_start=\"#ff5acd\" background_color_gradient_end=\"#fbda61\" background_color_gradient_direction=\"34deg\" custom_padding=\"|5%||5%\" custom_padding__hover=\"|||\"][et_pb_image src=\"https:\/\/spindle.team\/wp-content\/uploads\/2020\/03\/img-seminaires.jpg\" align=\"center\" align_tablet=\"center\" align_phone=\"\" align_last_edited=\"on|desktop\" _builder_version=\"4.2.2\" custom_margin=\"-20px||-20px|\" custom_padding=\"|||\" animation_style=\"zoom\" animation_direction=\"left\" animation_intensity_zoom=\"10%\" animation_starting_opacity=\"100%\"][\/et_pb_image][\/et_pb_column][et_pb_column type=\"1_2\" _builder_version=\"4.2.2\" background_color=\"#ffffff\" custom_padding=\"40px|40px|40px|40px\" custom_padding__hover=\"|||\"][et_pb_text _builder_version=\"4.3.4\" header_font=\"||||||||\" header_2_font=\"||||||||\" module_alignment=\"center\" custom_margin=\"||30px|\"]<p>Nous croyons qu\u2019il y a urgence \u00e0 remettre en question les fa\u00e7ons de fonctionner dans les Organisations et nous observons que notre approche permet d'obtenir rapidement un impact positif.<\/p>\r\n<p>Parce que nous souhaitons partager nos savoirs-faire avec le plus grand nombre, nous avons d\u00e9velopp\u00e9, en partenariat avec <a href=\"https:\/\/www.coachingways-executive.fr\/\">Coaching Ways<\/a>, un parcours de formation certifiant. Celui-ci s'adresse aux catalyseurs de changement des Organisations, salari\u00e9s et prestataires externes.<\/p>\r\n<p>Ainsi, nous formons et certifions \u00e0 deux nouveaux m\u00e9tiers pionniers de l'Organisation du 21\u00e8me si\u00e8cle:<\/p>\r\n<ul>\r\n<li>Le Mentor d\u2019Equipes Agiles (niveau 1)<\/li>\r\n<li>Le Mentor d\u2019Organisations Agiles (niveau 2)<\/li>\r\n<\/ul>\r\n<p>\u00a0<\/p>\r\n<p><strong>Envie d'en savoir plus ?<\/strong><\/p>[\/et_pb_text][et_pb_button button_url=\"https:\/\/spindle.team\/wp-content\/uploads\/2020\/04\/plaquette_versionlongue4_web.pdf\" url_new_window=\"on\" button_text=\"T\u00e9l\u00e9charger la brochure de notre formation\" _builder_version=\"4.3.4\" custom_button=\"on\" button_text_size=\"15px\" button_text_color=\"#ffffff\" button_bg_color=\"#430640\" button_border_radius=\"21px\"][\/et_pb_button][et_pb_text _builder_version=\"4.3.4\"]<p>ou<\/p>[\/et_pb_text][et_pb_button button_url=\"https:\/\/www.eventbrite.fr\/e\/billets-webinaire-decouverte-devenez-mentor-dequipes-agiles-102067175670\" url_new_window=\"on\" button_text=\"Participez \u00e0 un de nos webinaires d\u00e9couverte\" _builder_version=\"4.3.4\" custom_button=\"on\" button_text_size=\"15px\" button_text_color=\"#ffffff\" button_bg_color=\"#430640\" button_border_radius=\"21px\"][\/et_pb_button][\/et_pb_column][\/et_pb_row][\/et_pb_section][et_pb_section fb_built=\"1\" admin_label=\"Footer\" _builder_version=\"4.2.2\" background_image=\"https:\/\/spindle.team\/wp-content\/uploads\/2020\/03\/bg-ciel.jpg\" parallax=\"on\" custom_padding=\"90px||90px|\" saved_tabs=\"all\"][et_pb_row use_custom_gutter=\"on\" gutter_width=\"2\" make_equal=\"on\" _builder_version=\"4.2.2\" background_size=\"initial\" background_position=\"top_left\" background_repeat=\"repeat\" custom_padding=\"|||\"][et_pb_column type=\"4_4\" _builder_version=\"4.2.2\" background_color=\"#ffffff\" background_position=\"top_left\" custom_padding=\"50px|40px|50px|40px\" custom_padding__hover=\"|||\"][et_pb_text _builder_version=\"4.2.2\" text_font=\"Averta-Bold||||||||\" text_text_color=\"#430640\" text_font_size=\"28px\"]<p>Int\u00e9ress\u00e9(e) ?<\/p>[\/et_pb_text][et_pb_text _builder_version=\"4.4.1\"]<p>Besoin de plus d'informations ?<br \/> Laissez-nous vos coordonn\u00e9es, nous vous rappellerons.<\/p>[\/et_pb_text][daio_cf7_styler cf7=\"230\" _builder_version=\"4.2.2\"][\/daio_cf7_styler][\/et_pb_column][\/et_pb_row][\/et_pb_section]","_et_gb_content_width":"","footnotes":""},"class_list":["post-18188","page","type-page","status-publish","hentry"],"yoast_head":"<!-- This site is optimized with the Yoast SEO plugin v27.3 - https:\/\/yoast.com\/product\/yoast-seo-wordpress\/ -->\n<title>Training course Mentors of agile teams<\/title>\n<meta name=\"description\" content=\"In partnership with Coaching Ways, two certificating pathes : Agile Team Mentor and Agile Organizations Mentor\" \/>\n<meta name=\"robots\" content=\"index, follow, max-snippet:-1, max-image-preview:large, max-video-preview:-1\" \/>\n<link rel=\"canonical\" href=\"https:\/\/spindle.team\/en\/services\/certification-path\/\" \/>\n<meta property=\"og:locale\" content=\"en_US\" \/>\n<meta property=\"og:type\" content=\"article\" \/>\n<meta property=\"og:title\" content=\"Training course Mentors of agile teams\" \/>\n<meta property=\"og:description\" content=\"In partnership with Coaching Ways, two certificating pathes : Agile Team Mentor and Agile Organizations Mentor\" \/>\n<meta property=\"og:url\" content=\"https:\/\/spindle.team\/en\/services\/certification-path\/\" \/>\n<meta property=\"og:site_name\" content=\"Spindle\" \/>\n<meta property=\"article:modified_time\" content=\"2020-06-18T09:06:22+00:00\" \/>\n<meta name=\"twitter:card\" content=\"summary_large_image\" \/>\n<meta name=\"twitter:site\" content=\"@SpindleAgile\" \/>\n<meta name=\"twitter:label1\" content=\"Est. reading time\" \/>\n\t<meta name=\"twitter:data1\" content=\"4 minutes\" \/>\n<script type=\"application\/ld+json\" class=\"yoast-schema-graph\">{\"@context\":\"https:\\\/\\\/schema.org\",\"@graph\":[{\"@type\":\"WebPage\",\"@id\":\"https:\\\/\\\/spindle.team\\\/en\\\/services\\\/certification-path\\\/\",\"url\":\"https:\\\/\\\/spindle.team\\\/en\\\/services\\\/certification-path\\\/\",\"name\":\"Training course Mentors of agile teams\",\"isPartOf\":{\"@id\":\"https:\\\/\\\/spindle.team\\\/#website\"},\"datePublished\":\"2020-05-12T08:50:16+00:00\",\"dateModified\":\"2020-06-18T09:06:22+00:00\",\"description\":\"In partnership with Coaching Ways, two certificating pathes : Agile Team Mentor and Agile Organizations Mentor\",\"breadcrumb\":{\"@id\":\"https:\\\/\\\/spindle.team\\\/en\\\/services\\\/certification-path\\\/#breadcrumb\"},\"inLanguage\":\"en-US\",\"potentialAction\":[{\"@type\":\"ReadAction\",\"target\":[\"https:\\\/\\\/spindle.team\\\/en\\\/services\\\/certification-path\\\/\"]}]},{\"@type\":\"BreadcrumbList\",\"@id\":\"https:\\\/\\\/spindle.team\\\/en\\\/services\\\/certification-path\\\/#breadcrumb\",\"itemListElement\":[{\"@type\":\"ListItem\",\"position\":1,\"name\":\"Accueil\",\"item\":\"https:\\\/\\\/spindle.team\\\/en\\\/\"},{\"@type\":\"ListItem\",\"position\":2,\"name\":\"Services\",\"item\":\"https:\\\/\\\/spindle.team\\\/en\\\/services\\\/\"},{\"@type\":\"ListItem\",\"position\":3,\"name\":\"Certification path\"}]},{\"@type\":\"WebSite\",\"@id\":\"https:\\\/\\\/spindle.team\\\/#website\",\"url\":\"https:\\\/\\\/spindle.team\\\/\",\"name\":\"Spindle\",\"description\":\"agile interactions\",\"publisher\":{\"@id\":\"https:\\\/\\\/spindle.team\\\/#organization\"},\"potentialAction\":[{\"@type\":\"SearchAction\",\"target\":{\"@type\":\"EntryPoint\",\"urlTemplate\":\"https:\\\/\\\/spindle.team\\\/?s={search_term_string}\"},\"query-input\":{\"@type\":\"PropertyValueSpecification\",\"valueRequired\":true,\"valueName\":\"search_term_string\"}}],\"inLanguage\":\"en-US\"},{\"@type\":\"Organization\",\"@id\":\"https:\\\/\\\/spindle.team\\\/#organization\",\"name\":\"Spindle\",\"url\":\"https:\\\/\\\/spindle.team\\\/\",\"logo\":{\"@type\":\"ImageObject\",\"inLanguage\":\"en-US\",\"@id\":\"https:\\\/\\\/spindle.team\\\/#\\\/schema\\\/logo\\\/image\\\/\",\"url\":\"https:\\\/\\\/spindle.team\\\/wp-content\\\/uploads\\\/2020\\\/09\\\/newlogo-spindle-1-e1600856111458.png\",\"contentUrl\":\"https:\\\/\\\/spindle.team\\\/wp-content\\\/uploads\\\/2020\\\/09\\\/newlogo-spindle-1-e1600856111458.png\",\"width\":1200,\"height\":399,\"caption\":\"Spindle\"},\"image\":{\"@id\":\"https:\\\/\\\/spindle.team\\\/#\\\/schema\\\/logo\\\/image\\\/\"},\"sameAs\":[\"https:\\\/\\\/x.com\\\/SpindleAgile\",\"https:\\\/\\\/www.linkedin.com\\\/company\\\/spindle-agile\\\/\",\"https:\\\/\\\/www.youtube.com\\\/channel\\\/UCDC9QfB44OWw0fo86fPCXyg\"]}]}<\/script>\n<!-- \/ Yoast SEO plugin. -->","yoast_head_json":{"title":"Training course Mentors of agile teams","description":"In partnership with Coaching Ways, two certificating pathes : Agile Team Mentor and Agile Organizations Mentor","robots":{"index":"index","follow":"follow","max-snippet":"max-snippet:-1","max-image-preview":"max-image-preview:large","max-video-preview":"max-video-preview:-1"},"canonical":"https:\/\/spindle.team\/en\/services\/certification-path\/","og_locale":"en_US","og_type":"article","og_title":"Training course Mentors of agile teams","og_description":"In partnership with Coaching Ways, two certificating pathes : Agile Team Mentor and Agile Organizations Mentor","og_url":"https:\/\/spindle.team\/en\/services\/certification-path\/","og_site_name":"Spindle","article_modified_time":"2020-06-18T09:06:22+00:00","twitter_card":"summary_large_image","twitter_site":"@SpindleAgile","twitter_misc":{"Est. reading time":"4 minutes"},"schema":{"@context":"https:\/\/schema.org","@graph":[{"@type":"WebPage","@id":"https:\/\/spindle.team\/en\/services\/certification-path\/","url":"https:\/\/spindle.team\/en\/services\/certification-path\/","name":"Training course Mentors of agile teams","isPartOf":{"@id":"https:\/\/spindle.team\/#website"},"datePublished":"2020-05-12T08:50:16+00:00","dateModified":"2020-06-18T09:06:22+00:00","description":"In partnership with Coaching Ways, two certificating pathes : Agile Team Mentor and Agile Organizations Mentor","breadcrumb":{"@id":"https:\/\/spindle.team\/en\/services\/certification-path\/#breadcrumb"},"inLanguage":"en-US","potentialAction":[{"@type":"ReadAction","target":["https:\/\/spindle.team\/en\/services\/certification-path\/"]}]},{"@type":"BreadcrumbList","@id":"https:\/\/spindle.team\/en\/services\/certification-path\/#breadcrumb","itemListElement":[{"@type":"ListItem","position":1,"name":"Accueil","item":"https:\/\/spindle.team\/en\/"},{"@type":"ListItem","position":2,"name":"Services","item":"https:\/\/spindle.team\/en\/services\/"},{"@type":"ListItem","position":3,"name":"Certification path"}]},{"@type":"WebSite","@id":"https:\/\/spindle.team\/#website","url":"https:\/\/spindle.team\/","name":"Spindle","description":"agile interactions","publisher":{"@id":"https:\/\/spindle.team\/#organization"},"potentialAction":[{"@type":"SearchAction","target":{"@type":"EntryPoint","urlTemplate":"https:\/\/spindle.team\/?s={search_term_string}"},"query-input":{"@type":"PropertyValueSpecification","valueRequired":true,"valueName":"search_term_string"}}],"inLanguage":"en-US"},{"@type":"Organization","@id":"https:\/\/spindle.team\/#organization","name":"Spindle","url":"https:\/\/spindle.team\/","logo":{"@type":"ImageObject","inLanguage":"en-US","@id":"https:\/\/spindle.team\/#\/schema\/logo\/image\/","url":"https:\/\/spindle.team\/wp-content\/uploads\/2020\/09\/newlogo-spindle-1-e1600856111458.png","contentUrl":"https:\/\/spindle.team\/wp-content\/uploads\/2020\/09\/newlogo-spindle-1-e1600856111458.png","width":1200,"height":399,"caption":"Spindle"},"image":{"@id":"https:\/\/spindle.team\/#\/schema\/logo\/image\/"},"sameAs":["https:\/\/x.com\/SpindleAgile","https:\/\/www.linkedin.com\/company\/spindle-agile\/","https:\/\/www.youtube.com\/channel\/UCDC9QfB44OWw0fo86fPCXyg"]}]}},"_links":{"self":[{"href":"https:\/\/spindle.team\/en\/wp-json\/wp\/v2\/pages\/18188","targetHints":{"allow":["GET"]}}],"collection":[{"href":"https:\/\/spindle.team\/en\/wp-json\/wp\/v2\/pages"}],"about":[{"href":"https:\/\/spindle.team\/en\/wp-json\/wp\/v2\/types\/page"}],"author":[{"embeddable":true,"href":"https:\/\/spindle.team\/en\/wp-json\/wp\/v2\/users\/1"}],"replies":[{"embeddable":true,"href":"https:\/\/spindle.team\/en\/wp-json\/wp\/v2\/comments?post=18188"}],"version-history":[{"count":10,"href":"https:\/\/spindle.team\/en\/wp-json\/wp\/v2\/pages\/18188\/revisions"}],"predecessor-version":[{"id":18458,"href":"https:\/\/spindle.team\/en\/wp-json\/wp\/v2\/pages\/18188\/revisions\/18458"}],"up":[{"embeddable":true,"href":"https:\/\/spindle.team\/en\/wp-json\/wp\/v2\/pages\/18158"}],"wp:attachment":[{"href":"https:\/\/spindle.team\/en\/wp-json\/wp\/v2\/media?parent=18188"}],"curies":[{"name":"wp","href":"https:\/\/api.w.org\/{rel}","templated":true}]}}