{"id":17897,"date":"2020-05-07T10:27:45","date_gmt":"2020-05-07T08:27:45","guid":{"rendered":"https:\/\/spindle.team\/?page_id=17897"},"modified":"2020-06-18T11:29:53","modified_gmt":"2020-06-18T09:29:53","slug":"programas-certificados","status":"publish","type":"page","link":"https:\/\/spindle.team\/es\/servicios\/programas-certificados\/","title":{"rendered":"Programas certificados"},"content":{"rendered":"<p>[et_pb_section fb_built=\u00bb1&#8243; admin_label=\u00bbHero Section\u00bb _builder_version=\u00bb4.2.2&#8243; use_background_color_gradient=\u00bbon\u00bb background_color_gradient_start=\u00bb#fee2d7&#8243; background_color_gradient_end=\u00bb#ffbba0&#8243; background_color_gradient_direction=\u00bb131deg\u00bb background_image=\u00bbhttps:\/\/spindle.team\/wp-content\/uploads\/2020\/02\/bg-ciel.jpg\u00bb custom_margin=\u00bb||-4px|||\u00bb custom_padding=\u00bb0px|0px|4px|0px||\u00bb animation_direction=\u00bbtop\u00bb][et_pb_row column_structure=\u00bb2_5,3_5&#8243; custom_padding_last_edited=\u00bbon|phone\u00bb _builder_version=\u00bb4.2.2&#8243; max_width=\u00bb1440px\u00bb custom_margin=\u00bb|auto|40px|auto||\u00bb custom_margin_tablet=\u00bb\u00bb custom_margin_phone=\u00bb||20px||false|false\u00bb custom_margin_last_edited=\u00bbon|phone\u00bb custom_padding=\u00bb70px||0px||false|false\u00bb custom_padding_tablet=\u00bb\u00bb custom_padding_phone=\u00bb20px||||false|false\u00bb use_custom_width=\u00bbon\u00bb custom_width_px=\u00bb1440px\u00bb][et_pb_column type=\u00bb2_5&#8243; disabled_on=\u00bboff|off|off\u00bb _builder_version=\u00bb4.2.2&#8243; custom_padding=\u00bb|||\u00bb custom_padding__hover=\u00bb|||\u00bb][et_pb_image src=\u00bbhttps:\/\/spindle.team\/wp-content\/uploads\/2020\/03\/bullets-3.svg\u00bb align=\u00bbright\u00bb module_class=\u00bbhide_on_mobile\u00bb _builder_version=\u00bb4.2.2&#8243; positioning=\u00bbabsolute\u00bb position_origin_a=\u00bbbottom_center\u00bb vertical_offset=\u00bb-235px\u00bb width=\u00bb100%\u00bb height=\u00bb594px\u00bb custom_margin=\u00bb50px||||false|false\u00bb][\/et_pb_image][\/et_pb_column][et_pb_column type=\u00bb3_5&#8243; _builder_version=\u00bb3.25&#8243; custom_padding=\u00bb|||\u00bb custom_padding__hover=\u00bb|||\u00bb][et_pb_text _builder_version=\u00bb4.3.4&#8243; background_layout=\u00bbdark\u00bb width=\u00bb100%\u00bb min_height=\u00bb81px\u00bb custom_margin=\u00bb0px||0px||false|false\u00bb custom_padding=\u00bb0px||11px||false|false\u00bb locked=\u00bboff\u00bb]<\/p>\n<h1>programas certificados_<\/h1>\n<p>[\/et_pb_text][\/et_pb_column][\/et_pb_row][\/et_pb_section][et_pb_section fb_built=\u00bb1&#8243; _builder_version=\u00bb4.2.2&#8243; background_color=\u00bb#ffffff\u00bb custom_margin=\u00bb||||false|false\u00bb custom_padding=\u00bb5px||5px||true|false\u00bb border_style_all=\u00bbdotted\u00bb border_color_bottom=\u00bbrgba(51,51,51,0.07)\u00bb saved_tabs=\u00bball\u00bb][et_pb_row _builder_version=\u00bb4.2.2&#8243; width=\u00bb90%\u00bb max_width=\u00bb1920px\u00bb custom_padding=\u00bb4px||5px|||\u00bb][et_pb_column type=\u00bb4_4&#8243; _builder_version=\u00bb4.2.2&#8243;][et_pb_text _builder_version=\u00bb4.2.2&#8243; custom_margin=\u00bb0px||0px||true|false\u00bb custom_padding=\u00bb0px||0px||true|false\u00bb]<\/p>\n<p id=\"breadcrumbs\"><span><span><a href=\"https:\/\/spindle.team\/es\/\">Accueil<\/a><\/span><\/span><\/p>\n<p>[\/et_pb_text][\/et_pb_column][\/et_pb_row][\/et_pb_section][et_pb_section fb_built=\u00bb1&#8243; custom_padding_last_edited=\u00bbon|phone\u00bb admin_label=\u00bbCollections\u00bb _builder_version=\u00bb4.4.1&#8243; background_enable_color=\u00bboff\u00bb use_background_color_gradient=\u00bbon\u00bb background_color_gradient_start=\u00bbrgba(236,235,228,0)\u00bb background_color_gradient_end=\u00bbrgba(236,235,228,0.18)\u00bb background_color_gradient_direction=\u00bb176deg\u00bb background_color_gradient_start_position=\u00bb15%\u00bb background_color_gradient_end_position=\u00bb15%\u00bb custom_margin=\u00bb||||false|false\u00bb custom_padding=\u00bb66px|0px|66px|0px|true|false\u00bb custom_padding_tablet=\u00bb\u00bb custom_padding_phone=\u00bb40px|0px|40px|0px|true|false\u00bb][et_pb_row column_structure=\u00bb1_2,1_2&#8243; make_equal=\u00bbon\u00bb _builder_version=\u00bb4.2.2&#8243; background_color=\u00bb#ffffff\u00bb width_tablet=\u00bb\u00bb width_phone=\u00bb100%\u00bb width_last_edited=\u00bbon|phone\u00bb module_alignment=\u00bbcenter\u00bb custom_margin=\u00bb|411px|-2px|auto|false|false\u00bb custom_padding=\u00bb0px||0px|\u00bb hover_enabled=\u00bb0&#8243; box_shadow_style=\u00bbpreset3&#8243; box_shadow_vertical=\u00bb40px\u00bb box_shadow_blur=\u00bb50px\u00bb box_shadow_color=\u00bbrgba(0,0,0,0.1)\u00bb][et_pb_column type=\u00bb1_2&#8243; _builder_version=\u00bb4.2.2&#8243; background_enable_color=\u00bboff\u00bb use_background_color_gradient=\u00bbon\u00bb background_color_gradient_start=\u00bb#ff5acd\u00bb background_color_gradient_end=\u00bb#fbda61&#8243; background_color_gradient_direction=\u00bb34deg\u00bb custom_padding=\u00bb|5%||5%\u00bb custom_padding__hover=\u00bb|||\u00bb][et_pb_image src=\u00bbhttps:\/\/spindle.team\/wp-content\/uploads\/2020\/03\/img-seminaires.jpg\u00bb align=\u00bbcenter\u00bb align_tablet=\u00bbcenter\u00bb align_phone=\u00bb\u00bb align_last_edited=\u00bbon|desktop\u00bb _builder_version=\u00bb4.2.2&#8243; custom_margin=\u00bb-20px||-20px|\u00bb custom_padding=\u00bb|||\u00bb animation_style=\u00bbzoom\u00bb animation_direction=\u00bbleft\u00bb animation_intensity_zoom=\u00bb10%\u00bb animation_starting_opacity=\u00bb100%\u00bb][\/et_pb_image][\/et_pb_column][et_pb_column type=\u00bb1_2&#8243; _builder_version=\u00bb4.2.2&#8243; background_color=\u00bb#ffffff\u00bb custom_padding=\u00bb40px|40px|40px|40px\u00bb custom_padding__hover=\u00bb|||\u00bb][et_pb_text _builder_version=\u00bb4.3.4&#8243; header_font=\u00bb||||||||\u00bb header_2_font=\u00bb||||||||\u00bb module_alignment=\u00bbcenter\u00bb custom_margin=\u00bb||30px|\u00bb]<\/p>\n<p>Creemos que es urgente cuestionar la manera de funcionar en las empresas y observamos que nuestro enfoque permite obtener r\u00e1pidamente un impacto positivo.<\/p>\n<p>Dado que deseamos compartir nuestros conocimientos con el mayor n\u00famero de personas posible, hemos desarrollado en colaboraci\u00f3n con <a href=\"https:\/\/www.coachingways-executive.fr\/\">Coaching Ways<\/a>,un programa formativo certificado. Este va dirigido a los catalizadores de cambio de las organizaciones, los empleados y los proveedores externos.<\/p>\n<p>De este modo, formamos y certificamos dos nuevos cargos pioneros de la organizaci\u00f3n del siglo XXI:<\/p>\n<ul>\n<li>el mentor de equipos \u00e1giles (nivel 1)<\/li>\n<li>el mentor de organizaciones \u00e1giles (nivel 2)<\/li>\n<\/ul>\n<p>\u00a0<span>De momento, el idioma de este curso con certificado es el franc\u00e9s. Lo podemos organizar a pedido en ingl\u00e9s, castellano y rumano.<\/span><\/p>\n<p>&nbsp;<\/p>\n<p>[\/et_pb_text][\/et_pb_column][\/et_pb_row][\/et_pb_section][et_pb_section fb_built=\u00bb1&#8243; admin_label=\u00bbFooter\u00bb _builder_version=\u00bb4.2.2&#8243; background_image=\u00bbhttps:\/\/spindle.team\/wp-content\/uploads\/2020\/03\/bg-ciel.jpg\u00bb parallax=\u00bbon\u00bb custom_padding=\u00bb90px||90px|\u00bb saved_tabs=\u00bball\u00bb][\/et_pb_section]<\/p>\n","protected":false},"excerpt":{"rendered":"<p>programas certificados_<p id=\"breadcrumbs\"><span><span><a href=\"https:\/\/spindle.team\/es\/\">Accueil<\/a><\/span><\/span><\/p>Creemos que es urgente cuestionar la manera de funcionar en las empresas y observamos que nuestro enfoque permite obtener r\u00e1pidamente un impacto positivo. Dado que deseamos compartir nuestros conocimientos con el mayor n\u00famero de personas posible, hemos desarrollado en colaboraci\u00f3n con Coaching Ways,un programa formativo certificado. Este va dirigido a los catalizadores de cambio [&hellip;]<\/p>\n","protected":false},"author":1,"featured_media":0,"parent":17877,"menu_order":0,"comment_status":"closed","ping_status":"closed","template":"","meta":{"_et_pb_use_builder":"on","_et_pb_old_content":"[et_pb_section fb_built=\"1\" admin_label=\"Hero Section\" _builder_version=\"4.2.2\" use_background_color_gradient=\"on\" background_color_gradient_start=\"#fee2d7\" background_color_gradient_end=\"#ffbba0\" background_color_gradient_direction=\"131deg\" background_image=\"https:\/\/spindle.team\/wp-content\/uploads\/2020\/02\/bg-ciel.jpg\" custom_margin=\"||-4px|||\" custom_padding=\"0px|0px|4px|0px||\" animation_direction=\"top\"][et_pb_row column_structure=\"2_5,3_5\" custom_padding_last_edited=\"on|phone\" _builder_version=\"4.2.2\" max_width=\"1440px\" custom_margin=\"|auto|40px|auto||\" custom_margin_tablet=\"\" custom_margin_phone=\"||20px||false|false\" custom_margin_last_edited=\"on|phone\" custom_padding=\"70px||0px||false|false\" custom_padding_tablet=\"\" custom_padding_phone=\"20px||||false|false\" use_custom_width=\"on\" custom_width_px=\"1440px\"][et_pb_column type=\"2_5\" disabled_on=\"off|off|off\" _builder_version=\"4.2.2\" custom_padding=\"|||\" custom_padding__hover=\"|||\"][et_pb_image src=\"https:\/\/spindle.team\/wp-content\/uploads\/2020\/03\/bullets-3.svg\" align=\"right\" module_class=\"hide_on_mobile\" _builder_version=\"4.2.2\" positioning=\"absolute\" position_origin_a=\"bottom_center\" vertical_offset=\"-235px\" width=\"100%\" height=\"594px\" custom_margin=\"50px||||false|false\"][\/et_pb_image][\/et_pb_column][et_pb_column type=\"3_5\" _builder_version=\"3.25\" custom_padding=\"|||\" custom_padding__hover=\"|||\"][et_pb_text _builder_version=\"4.2.2\" background_layout=\"dark\" width=\"100%\" min_height=\"81px\" custom_margin=\"0px||0px||false|false\" custom_padding=\"0px||11px||false|false\" locked=\"off\"]<h1>parcours certifiants_<\/h1>[\/et_pb_text][\/et_pb_column][\/et_pb_row][\/et_pb_section][et_pb_section fb_built=\"1\" _builder_version=\"4.2.2\" background_color=\"#ffffff\" custom_margin=\"||||false|false\" custom_padding=\"5px||5px||true|false\" border_style_all=\"dotted\" border_color_bottom=\"rgba(51,51,51,0.07)\" global_module=\"4764\" saved_tabs=\"all\"][et_pb_row _builder_version=\"4.2.2\" width=\"90%\" max_width=\"1920px\" custom_padding=\"4px||5px|||\"][et_pb_column type=\"4_4\" _builder_version=\"4.2.2\"][et_pb_text _builder_version=\"4.2.2\" custom_margin=\"0px||0px||true|false\" custom_padding=\"0px||0px||true|false\"]<p>[arx_display_breadcrumbs][\/arx_display_breadcrumbs]<\/p>[\/et_pb_text][\/et_pb_column][\/et_pb_row][\/et_pb_section][et_pb_section fb_built=\"1\" custom_padding_last_edited=\"on|phone\" admin_label=\"Collections\" _builder_version=\"4.4.1\" background_enable_color=\"off\" use_background_color_gradient=\"on\" background_color_gradient_start=\"rgba(236,235,228,0)\" background_color_gradient_end=\"rgba(236,235,228,0.18)\" background_color_gradient_direction=\"176deg\" background_color_gradient_start_position=\"15%\" background_color_gradient_end_position=\"15%\" custom_margin=\"||||false|false\" custom_padding=\"66px|0px|66px|0px|true|false\" custom_padding_tablet=\"\" custom_padding_phone=\"40px|0px|40px|0px|true|false\"][et_pb_row column_structure=\"1_2,1_2\" make_equal=\"on\" _builder_version=\"4.2.2\" background_color=\"#ffffff\" width_tablet=\"\" width_phone=\"100%\" width_last_edited=\"on|phone\" module_alignment=\"center\" custom_margin=\"|411px|-2px|auto|false|false\" custom_padding=\"0px||0px|\" box_shadow_style=\"preset3\" box_shadow_vertical=\"40px\" box_shadow_blur=\"50px\" box_shadow_color=\"rgba(0,0,0,0.1)\"][et_pb_column type=\"1_2\" _builder_version=\"4.2.2\" background_enable_color=\"off\" use_background_color_gradient=\"on\" background_color_gradient_start=\"#ff5acd\" background_color_gradient_end=\"#fbda61\" background_color_gradient_direction=\"34deg\" custom_padding=\"|5%||5%\" custom_padding__hover=\"|||\"][et_pb_image src=\"https:\/\/spindle.team\/wp-content\/uploads\/2020\/03\/img-seminaires.jpg\" align=\"center\" align_tablet=\"center\" align_phone=\"\" align_last_edited=\"on|desktop\" _builder_version=\"4.2.2\" custom_margin=\"-20px||-20px|\" custom_padding=\"|||\" animation_style=\"zoom\" animation_direction=\"left\" animation_intensity_zoom=\"10%\" animation_starting_opacity=\"100%\"][\/et_pb_image][\/et_pb_column][et_pb_column type=\"1_2\" _builder_version=\"4.2.2\" background_color=\"#ffffff\" custom_padding=\"40px|40px|40px|40px\" custom_padding__hover=\"|||\"][et_pb_text _builder_version=\"4.3.4\" header_font=\"||||||||\" header_2_font=\"||||||||\" module_alignment=\"center\" custom_margin=\"||30px|\"]<p>Nous croyons qu\u2019il y a urgence \u00e0 remettre en question les fa\u00e7ons de fonctionner dans les Organisations et nous observons que notre approche permet d'obtenir rapidement un impact positif.<\/p>\r\n<p>Parce que nous souhaitons partager nos savoirs-faire avec le plus grand nombre, nous avons d\u00e9velopp\u00e9, en partenariat avec <a href=\"https:\/\/www.coachingways-executive.fr\/\">Coaching Ways<\/a>, un parcours de formation certifiant. Celui-ci s'adresse aux catalyseurs de changement des Organisations, salari\u00e9s et prestataires externes.<\/p>\r\n<p>Ainsi, nous formons et certifions \u00e0 deux nouveaux m\u00e9tiers pionniers de l'Organisation du 21\u00e8me si\u00e8cle:<\/p>\r\n<ul>\r\n<li>Le Mentor d\u2019Equipes Agiles (niveau 1)<\/li>\r\n<li>Le Mentor d\u2019Organisations Agiles (niveau 2)<\/li>\r\n<\/ul>\r\n<p>\u00a0<\/p>\r\n<p><strong>Envie d'en savoir plus ?<\/strong><\/p>[\/et_pb_text][et_pb_button button_url=\"https:\/\/spindle.team\/wp-content\/uploads\/2020\/04\/plaquette_versionlongue4_web.pdf\" url_new_window=\"on\" button_text=\"T\u00e9l\u00e9charger la brochure de notre formation\" _builder_version=\"4.3.4\" custom_button=\"on\" button_text_size=\"15px\" button_text_color=\"#ffffff\" button_bg_color=\"#430640\" button_border_radius=\"21px\" hover_enabled=\"0\"][\/et_pb_button][et_pb_text _builder_version=\"4.3.4\"]<p>ou<\/p>[\/et_pb_text][et_pb_button button_url=\"https:\/\/www.eventbrite.fr\/e\/billets-webinaire-decouverte-devenez-mentor-dequipes-agiles-102067175670\" url_new_window=\"on\" button_text=\"Participez \u00e0 un de nos webinaires d\u00e9couverte\" _builder_version=\"4.3.4\" custom_button=\"on\" button_text_size=\"15px\" button_text_color=\"#ffffff\" button_bg_color=\"#430640\" button_border_radius=\"21px\"][\/et_pb_button][\/et_pb_column][\/et_pb_row][\/et_pb_section][et_pb_section fb_built=\"1\" admin_label=\"Footer\" _builder_version=\"4.2.2\" background_image=\"https:\/\/spindle.team\/wp-content\/uploads\/2020\/03\/bg-ciel.jpg\" parallax=\"on\" custom_padding=\"90px||90px|\" saved_tabs=\"all\"][et_pb_row use_custom_gutter=\"on\" gutter_width=\"2\" make_equal=\"on\" _builder_version=\"4.2.2\" background_size=\"initial\" background_position=\"top_left\" background_repeat=\"repeat\" custom_padding=\"|||\"][et_pb_column type=\"4_4\" _builder_version=\"4.2.2\" background_color=\"#ffffff\" background_position=\"top_left\" custom_padding=\"50px|40px|50px|40px\" custom_padding__hover=\"|||\"][et_pb_text _builder_version=\"4.2.2\" text_font=\"Averta-Bold||||||||\" text_text_color=\"#430640\" text_font_size=\"28px\"]<p>Int\u00e9ress\u00e9(e) ?<\/p>[\/et_pb_text][et_pb_text _builder_version=\"4.4.1\"]<p>Besoin de plus d'informations ?<br \/> Laissez-nous vos coordonn\u00e9es, nous vous rappellerons.<\/p>[\/et_pb_text][daio_cf7_styler cf7=\"230\" _builder_version=\"4.2.2\"][\/daio_cf7_styler][\/et_pb_column][\/et_pb_row][\/et_pb_section]","_et_gb_content_width":"","footnotes":""},"class_list":["post-17897","page","type-page","status-publish","hentry"],"yoast_head":"<!-- This site is optimized with the Yoast SEO plugin v27.3 - https:\/\/yoast.com\/product\/yoast-seo-wordpress\/ -->\n<title>&quot;Curso de formaci\u00f3n Mentores de equipos \u00e1giles&quot;<\/title>\n<meta name=\"description\" content=\"En alianza con Coaching Ways, programas certificados de mentor de equipos \u00e1giles y mentor de organizaciones \u00e1giles\" \/>\n<meta name=\"robots\" content=\"index, follow, max-snippet:-1, max-image-preview:large, max-video-preview:-1\" \/>\n<link rel=\"canonical\" href=\"https:\/\/spindle.team\/es\/servicios\/programas-certificados\/\" \/>\n<meta property=\"og:locale\" content=\"es_ES\" \/>\n<meta property=\"og:type\" content=\"article\" \/>\n<meta property=\"og:title\" content=\"&quot;Curso de formaci\u00f3n Mentores de equipos \u00e1giles&quot;\" \/>\n<meta property=\"og:description\" content=\"En alianza con Coaching Ways, programas certificados de mentor de equipos \u00e1giles y mentor de organizaciones \u00e1giles\" \/>\n<meta property=\"og:url\" content=\"https:\/\/spindle.team\/es\/servicios\/programas-certificados\/\" \/>\n<meta property=\"og:site_name\" content=\"Spindle\" \/>\n<meta property=\"article:modified_time\" content=\"2020-06-18T09:29:53+00:00\" \/>\n<meta name=\"twitter:card\" content=\"summary_large_image\" \/>\n<meta name=\"twitter:site\" content=\"@SpindleAgile\" \/>\n<meta name=\"twitter:label1\" content=\"Tiempo de lectura\" \/>\n\t<meta name=\"twitter:data1\" content=\"4 minutos\" \/>\n<script type=\"application\/ld+json\" class=\"yoast-schema-graph\">{\"@context\":\"https:\\\/\\\/schema.org\",\"@graph\":[{\"@type\":\"WebPage\",\"@id\":\"https:\\\/\\\/spindle.team\\\/es\\\/servicios\\\/programas-certificados\\\/\",\"url\":\"https:\\\/\\\/spindle.team\\\/es\\\/servicios\\\/programas-certificados\\\/\",\"name\":\"\\\"Curso de formaci\u00f3n Mentores de equipos \u00e1giles\\\"\",\"isPartOf\":{\"@id\":\"https:\\\/\\\/spindle.team\\\/#website\"},\"datePublished\":\"2020-05-07T08:27:45+00:00\",\"dateModified\":\"2020-06-18T09:29:53+00:00\",\"description\":\"En alianza con Coaching Ways, programas certificados de mentor de equipos \u00e1giles y mentor de organizaciones \u00e1giles\",\"breadcrumb\":{\"@id\":\"https:\\\/\\\/spindle.team\\\/es\\\/servicios\\\/programas-certificados\\\/#breadcrumb\"},\"inLanguage\":\"es\",\"potentialAction\":[{\"@type\":\"ReadAction\",\"target\":[\"https:\\\/\\\/spindle.team\\\/es\\\/servicios\\\/programas-certificados\\\/\"]}]},{\"@type\":\"BreadcrumbList\",\"@id\":\"https:\\\/\\\/spindle.team\\\/es\\\/servicios\\\/programas-certificados\\\/#breadcrumb\",\"itemListElement\":[{\"@type\":\"ListItem\",\"position\":1,\"name\":\"Accueil\",\"item\":\"https:\\\/\\\/spindle.team\\\/es\\\/\"},{\"@type\":\"ListItem\",\"position\":2,\"name\":\"Servicios\",\"item\":\"https:\\\/\\\/spindle.team\\\/es\\\/servicios\\\/\"},{\"@type\":\"ListItem\",\"position\":3,\"name\":\"Programas certificados\"}]},{\"@type\":\"WebSite\",\"@id\":\"https:\\\/\\\/spindle.team\\\/#website\",\"url\":\"https:\\\/\\\/spindle.team\\\/\",\"name\":\"Spindle\",\"description\":\"agile interactions\",\"publisher\":{\"@id\":\"https:\\\/\\\/spindle.team\\\/#organization\"},\"potentialAction\":[{\"@type\":\"SearchAction\",\"target\":{\"@type\":\"EntryPoint\",\"urlTemplate\":\"https:\\\/\\\/spindle.team\\\/?s={search_term_string}\"},\"query-input\":{\"@type\":\"PropertyValueSpecification\",\"valueRequired\":true,\"valueName\":\"search_term_string\"}}],\"inLanguage\":\"es\"},{\"@type\":\"Organization\",\"@id\":\"https:\\\/\\\/spindle.team\\\/#organization\",\"name\":\"Spindle\",\"url\":\"https:\\\/\\\/spindle.team\\\/\",\"logo\":{\"@type\":\"ImageObject\",\"inLanguage\":\"es\",\"@id\":\"https:\\\/\\\/spindle.team\\\/#\\\/schema\\\/logo\\\/image\\\/\",\"url\":\"https:\\\/\\\/spindle.team\\\/wp-content\\\/uploads\\\/2020\\\/09\\\/newlogo-spindle-1-e1600856111458.png\",\"contentUrl\":\"https:\\\/\\\/spindle.team\\\/wp-content\\\/uploads\\\/2020\\\/09\\\/newlogo-spindle-1-e1600856111458.png\",\"width\":1200,\"height\":399,\"caption\":\"Spindle\"},\"image\":{\"@id\":\"https:\\\/\\\/spindle.team\\\/#\\\/schema\\\/logo\\\/image\\\/\"},\"sameAs\":[\"https:\\\/\\\/x.com\\\/SpindleAgile\",\"https:\\\/\\\/www.linkedin.com\\\/company\\\/spindle-agile\\\/\",\"https:\\\/\\\/www.youtube.com\\\/channel\\\/UCDC9QfB44OWw0fo86fPCXyg\"]}]}<\/script>\n<!-- \/ Yoast SEO plugin. -->","yoast_head_json":{"title":"\"Curso de formaci\u00f3n Mentores de equipos \u00e1giles\"","description":"En alianza con Coaching Ways, programas certificados de mentor de equipos \u00e1giles y mentor de organizaciones \u00e1giles","robots":{"index":"index","follow":"follow","max-snippet":"max-snippet:-1","max-image-preview":"max-image-preview:large","max-video-preview":"max-video-preview:-1"},"canonical":"https:\/\/spindle.team\/es\/servicios\/programas-certificados\/","og_locale":"es_ES","og_type":"article","og_title":"\"Curso de formaci\u00f3n Mentores de equipos \u00e1giles\"","og_description":"En alianza con Coaching Ways, programas certificados de mentor de equipos \u00e1giles y mentor de organizaciones \u00e1giles","og_url":"https:\/\/spindle.team\/es\/servicios\/programas-certificados\/","og_site_name":"Spindle","article_modified_time":"2020-06-18T09:29:53+00:00","twitter_card":"summary_large_image","twitter_site":"@SpindleAgile","twitter_misc":{"Tiempo de lectura":"4 minutos"},"schema":{"@context":"https:\/\/schema.org","@graph":[{"@type":"WebPage","@id":"https:\/\/spindle.team\/es\/servicios\/programas-certificados\/","url":"https:\/\/spindle.team\/es\/servicios\/programas-certificados\/","name":"\"Curso de formaci\u00f3n Mentores de equipos \u00e1giles\"","isPartOf":{"@id":"https:\/\/spindle.team\/#website"},"datePublished":"2020-05-07T08:27:45+00:00","dateModified":"2020-06-18T09:29:53+00:00","description":"En alianza con Coaching Ways, programas certificados de mentor de equipos \u00e1giles y mentor de organizaciones \u00e1giles","breadcrumb":{"@id":"https:\/\/spindle.team\/es\/servicios\/programas-certificados\/#breadcrumb"},"inLanguage":"es","potentialAction":[{"@type":"ReadAction","target":["https:\/\/spindle.team\/es\/servicios\/programas-certificados\/"]}]},{"@type":"BreadcrumbList","@id":"https:\/\/spindle.team\/es\/servicios\/programas-certificados\/#breadcrumb","itemListElement":[{"@type":"ListItem","position":1,"name":"Accueil","item":"https:\/\/spindle.team\/es\/"},{"@type":"ListItem","position":2,"name":"Servicios","item":"https:\/\/spindle.team\/es\/servicios\/"},{"@type":"ListItem","position":3,"name":"Programas certificados"}]},{"@type":"WebSite","@id":"https:\/\/spindle.team\/#website","url":"https:\/\/spindle.team\/","name":"Spindle","description":"agile interactions","publisher":{"@id":"https:\/\/spindle.team\/#organization"},"potentialAction":[{"@type":"SearchAction","target":{"@type":"EntryPoint","urlTemplate":"https:\/\/spindle.team\/?s={search_term_string}"},"query-input":{"@type":"PropertyValueSpecification","valueRequired":true,"valueName":"search_term_string"}}],"inLanguage":"es"},{"@type":"Organization","@id":"https:\/\/spindle.team\/#organization","name":"Spindle","url":"https:\/\/spindle.team\/","logo":{"@type":"ImageObject","inLanguage":"es","@id":"https:\/\/spindle.team\/#\/schema\/logo\/image\/","url":"https:\/\/spindle.team\/wp-content\/uploads\/2020\/09\/newlogo-spindle-1-e1600856111458.png","contentUrl":"https:\/\/spindle.team\/wp-content\/uploads\/2020\/09\/newlogo-spindle-1-e1600856111458.png","width":1200,"height":399,"caption":"Spindle"},"image":{"@id":"https:\/\/spindle.team\/#\/schema\/logo\/image\/"},"sameAs":["https:\/\/x.com\/SpindleAgile","https:\/\/www.linkedin.com\/company\/spindle-agile\/","https:\/\/www.youtube.com\/channel\/UCDC9QfB44OWw0fo86fPCXyg"]}]}},"_links":{"self":[{"href":"https:\/\/spindle.team\/es\/wp-json\/wp\/v2\/pages\/17897","targetHints":{"allow":["GET"]}}],"collection":[{"href":"https:\/\/spindle.team\/es\/wp-json\/wp\/v2\/pages"}],"about":[{"href":"https:\/\/spindle.team\/es\/wp-json\/wp\/v2\/types\/page"}],"author":[{"embeddable":true,"href":"https:\/\/spindle.team\/es\/wp-json\/wp\/v2\/users\/1"}],"replies":[{"embeddable":true,"href":"https:\/\/spindle.team\/es\/wp-json\/wp\/v2\/comments?post=17897"}],"version-history":[{"count":10,"href":"https:\/\/spindle.team\/es\/wp-json\/wp\/v2\/pages\/17897\/revisions"}],"predecessor-version":[{"id":18547,"href":"https:\/\/spindle.team\/es\/wp-json\/wp\/v2\/pages\/17897\/revisions\/18547"}],"up":[{"embeddable":true,"href":"https:\/\/spindle.team\/es\/wp-json\/wp\/v2\/pages\/17877"}],"wp:attachment":[{"href":"https:\/\/spindle.team\/es\/wp-json\/wp\/v2\/media?parent=17897"}],"curies":[{"name":"wp","href":"https:\/\/api.w.org\/{rel}","templated":true}]}}