{"id":17911,"date":"2020-05-07T10:56:35","date_gmt":"2020-05-07T08:56:35","guid":{"rendered":"https:\/\/spindle.team\/?page_id=17911"},"modified":"2020-05-14T17:20:38","modified_gmt":"2020-05-14T15:20:38","slug":"spindle","status":"publish","type":"page","link":"https:\/\/spindle.team\/es\/spindle\/","title":{"rendered":"Spindle"},"content":{"rendered":"<p>[et_pb_section fb_built=\u00bb1&#8243; admin_label=\u00bbHero Section\u00bb _builder_version=\u00bb4.2.2&#8243; use_background_color_gradient=\u00bbon\u00bb background_color_gradient_start=\u00bb#fee2d7&#8243; background_color_gradient_end=\u00bb#ffbba0&#8243; background_color_gradient_direction=\u00bb131deg\u00bb background_image=\u00bbhttps:\/\/spindle.team\/wp-content\/uploads\/2020\/02\/bg-ciel.jpg\u00bb custom_margin=\u00bb||-4px|||\u00bb custom_padding=\u00bb0px|0px|4px|0px||\u00bb animation_direction=\u00bbtop\u00bb locked=\u00bboff\u00bb][et_pb_row column_structure=\u00bb2_5,3_5&#8243; custom_padding_last_edited=\u00bbon|phone\u00bb _builder_version=\u00bb4.2.2&#8243; max_width=\u00bb1440px\u00bb custom_margin=\u00bb|auto|40px|auto||\u00bb custom_margin_tablet=\u00bb\u00bb custom_margin_phone=\u00bb||20px||false|false\u00bb custom_margin_last_edited=\u00bbon|phone\u00bb custom_padding=\u00bb70px||0px||false|false\u00bb custom_padding_tablet=\u00bb\u00bb custom_padding_phone=\u00bb20px||||false|false\u00bb use_custom_width=\u00bbon\u00bb custom_width_px=\u00bb1440px\u00bb][et_pb_column type=\u00bb2_5&#8243; _builder_version=\u00bb3.25&#8243; custom_padding=\u00bb|||\u00bb custom_padding__hover=\u00bb|||\u00bb][et_pb_image src=\u00bbhttps:\/\/spindle.team\/wp-content\/uploads\/2020\/03\/bullets-3.svg\u00bb align=\u00bbright\u00bb module_class=\u00bbhide_on_mobile\u00bb _builder_version=\u00bb4.2.2&#8243; positioning=\u00bbabsolute\u00bb position_origin_a=\u00bbbottom_center\u00bb vertical_offset=\u00bb-188px\u00bb width=\u00bb100%\u00bb height=\u00bb594px\u00bb custom_margin=\u00bb50px||||false|false\u00bb][\/et_pb_image][\/et_pb_column][et_pb_column type=\u00bb3_5&#8243; _builder_version=\u00bb3.25&#8243; custom_padding=\u00bb|||\u00bb custom_padding__hover=\u00bb|||\u00bb][et_pb_text _builder_version=\u00bb4.2.2&#8243; background_layout=\u00bbdark\u00bb width=\u00bb100%\u00bb min_height=\u00bb81px\u00bb custom_margin=\u00bb0px||27px||false|false\u00bb custom_padding=\u00bb0px||11px||false|false\u00bb locked=\u00bboff\u00bb]<\/p>\n<h1>spindle_<\/h1>\n<p>[\/et_pb_text][\/et_pb_column][\/et_pb_row][\/et_pb_section][et_pb_section fb_built=\u00bb1&#8243; _builder_version=\u00bb4.2.2&#8243;][et_pb_row column_structure=\u00bb1_4,1_4,1_4,1_4&#8243; _builder_version=\u00bb4.2.2&#8243; max_width=\u00bb1920px\u00bb][et_pb_column type=\u00bb1_4&#8243; _builder_version=\u00bb4.2.2&#8243;][et_pb_text _builder_version=\u00bb4.3.4&#8243; header_2_font=\u00bbAverta-Black|700|||||||\u00bb header_2_font_size=\u00bb29px\u00bb custom_margin=\u00bb||0px||false|false\u00bb hover_enabled=\u00bb0&#8243; header_font_size_tablet=\u00bb\u00bb header_font_size_phone=\u00bb\u00bb header_font_size_last_edited=\u00bbon|desktop\u00bb]<\/p>\n<h2>Nuestras convicciones<\/h2>\n<p>[\/et_pb_text][et_pb_text _builder_version=\u00bb4.3.4&#8243; header_2_font=\u00bbAverta-Black|700|||||||\u00bb header_2_font_size=\u00bb29px\u00bb custom_margin=\u00bb||20px||false|false\u00bb hover_enabled=\u00bb0&#8243; header_font_size_tablet=\u00bb\u00bb header_font_size_phone=\u00bb\u00bb header_font_size_last_edited=\u00bbon|desktop\u00bb]<\/p>\n<p>Las empresas necesitan cuestionar sus pr\u00e1cticas y creencias para no quedarse paralizadas ante la complejidad y la incertidumbre.<\/p>\n<p>[\/et_pb_text][et_pb_code _builder_version=\u00bb4.3.4&#8243; text_orientation=\u00bbleft\u00bb max_width=\u00bb500px\u00bb locked=\u00bboff\u00bb]<button class=\"bouton_anime_spindle\"><!-- [et_pb_line_break_holder] --><a href=\"\/es\/spindle\/nuestras-convicciones\/\">En savoir plus<\/a><\/button>[\/et_pb_code][\/et_pb_column][et_pb_column type=\u00bb1_4&#8243; _builder_version=\u00bb4.2.2&#8243;][et_pb_text _builder_version=\u00bb4.3.4&#8243; header_2_font=\u00bbAverta-Black|700|||||||\u00bb header_2_font_size=\u00bb29px\u00bb custom_margin=\u00bb||0px||false|false\u00bb hover_enabled=\u00bb0&#8243; header_font_size_tablet=\u00bb\u00bb header_font_size_phone=\u00bb\u00bb header_font_size_last_edited=\u00bbon|desktop\u00bb]<\/p>\n<h2>Nuestros valores<\/h2>\n<p>[\/et_pb_text][et_pb_text _builder_version=\u00bb4.3.4&#8243; header_2_font=\u00bbAverta-Black|700|||||||\u00bb header_2_font_size=\u00bb29px\u00bb custom_margin=\u00bb||20px||false|false\u00bb hover_enabled=\u00bb0&#8243; header_font_size_tablet=\u00bb\u00bb header_font_size_phone=\u00bb\u00bb header_font_size_last_edited=\u00bbon|desktop\u00bb]<\/p>\n<p>Los principios que gu\u00edan nuestra manera de ser, de hacer y de asistir a los equipos y a las organizaciones con los que trabajamos.<\/p>\n<p>[\/et_pb_text][et_pb_code _builder_version=\u00bb4.3.4&#8243; text_orientation=\u00bbleft\u00bb max_width=\u00bb500px\u00bb locked=\u00bboff\u00bb]<button class=\"bouton_anime_spindle\"><!-- [et_pb_line_break_holder] --><a href=\"\/es\/spindle\/nuestros-valores\/\">En savoir plus<\/a><\/button>[\/et_pb_code][\/et_pb_column][et_pb_column type=\u00bb1_4&#8243; _builder_version=\u00bb4.2.2&#8243;][et_pb_text _builder_version=\u00bb4.3.4&#8243; header_2_font=\u00bbAverta-Black|700|||||||\u00bb header_2_font_size=\u00bb29px\u00bb custom_margin=\u00bb||0px||false|false\u00bb hover_enabled=\u00bb0&#8243; header_font_size_tablet=\u00bb\u00bb header_font_size_phone=\u00bb\u00bb header_font_size_last_edited=\u00bbon|desktop\u00bb]<\/p>\n<h2>El equipo<\/h2>\n<p>[\/et_pb_text][et_pb_text _builder_version=\u00bb4.3.4&#8243; header_2_font=\u00bbAverta-Black|700|||||||\u00bb header_2_font_size=\u00bb29px\u00bb custom_margin=\u00bb||20px||false|false\u00bb hover_enabled=\u00bb0&#8243; header_font_size_tablet=\u00bb\u00bb header_font_size_phone=\u00bb\u00bb header_font_size_last_edited=\u00bbon|desktop\u00bb]<\/p>\n<p>Nuestro equipo es abundante en trayectorias y perfiles ecl\u00e9cticos con algunos denominadores comunes que tienen mucho significado.<\/p>\n<p>[\/et_pb_text][et_pb_code _builder_version=\u00bb4.3.4&#8243; text_orientation=\u00bbleft\u00bb max_width=\u00bb500px\u00bb locked=\u00bboff\u00bb]<button class=\"bouton_anime_spindle\"><!-- [et_pb_line_break_holder] --><a href=\"\/spindle\/el-equipo\/?lang=es\">En savoir plus<\/a><\/button>[\/et_pb_code][\/et_pb_column][et_pb_column type=\u00bb1_4&#8243; _builder_version=\u00bb4.2.2&#8243;][et_pb_text _builder_version=\u00bb4.3.4&#8243; header_2_font=\u00bbAverta-Black|700|||||||\u00bb header_2_font_size=\u00bb29px\u00bb custom_margin=\u00bb||0px||false|false\u00bb hover_enabled=\u00bb0&#8243; header_font_size_tablet=\u00bb\u00bb header_font_size_phone=\u00bb\u00bb header_font_size_last_edited=\u00bbon|desktop\u00bb]<\/p>\n<h2>Nuestras inspiraciones<\/h2>\n<p>[\/et_pb_text][et_pb_text _builder_version=\u00bb4.3.4&#8243; header_2_font=\u00bbAverta-Black|700|||||||\u00bb header_2_font_size=\u00bb29px\u00bb custom_margin=\u00bb||20px||false|false\u00bb hover_enabled=\u00bb0&#8243; header_font_size_tablet=\u00bb\u00bb header_font_size_phone=\u00bb\u00bb header_font_size_last_edited=\u00bbon|desktop\u00bb]<\/p>\n<p>Nuestras reflexiones y nuestras pr\u00e1cticas cuentan con muchas aportaciones de las ciencias sociales, innovaciones de RR. HH., m\u00e9todos de proyectos \u00e1giles, psicolog\u00eda, coaching y otros campos.<\/p>\n<p>[\/et_pb_text][et_pb_code _builder_version=\u00bb4.3.4&#8243; text_orientation=\u00bbleft\u00bb max_width=\u00bb500px\u00bb locked=\u00bboff\u00bb]<button class=\"bouton_anime_spindle\"><!-- [et_pb_line_break_holder] --><a href=\"\/es\/spindle\/nuestras-inspiraciones\/\">En savoir plus<\/a><\/button>[\/et_pb_code][\/et_pb_column][\/et_pb_row][\/et_pb_section]<\/p>\n","protected":false},"excerpt":{"rendered":"<p>spindle_ Nuestras convicciones Las empresas necesitan cuestionar sus pr\u00e1cticas y creencias para no quedarse paralizadas ante la complejidad y la incertidumbre. Nuestros valores Los principios que gu\u00edan nuestra manera de ser, de hacer y de asistir a los equipos y a las organizaciones con los que trabajamos. El equipo Nuestro equipo es abundante en trayectorias [&hellip;]<\/p>\n","protected":false},"author":1,"featured_media":0,"parent":0,"menu_order":0,"comment_status":"closed","ping_status":"closed","template":"","meta":{"_et_pb_use_builder":"on","_et_pb_old_content":"<p>[et_pb_section fb_built=\"1\" admin_label=\"Hero Section\" _builder_version=\"4.2.2\" use_background_color_gradient=\"on\" background_color_gradient_start=\"#fee2d7\" background_color_gradient_end=\"#ffbba0\" background_color_gradient_direction=\"131deg\" background_image=\"https:\/\/spindle.team\/wp-content\/uploads\/2020\/02\/bg-ciel.jpg\" custom_margin=\"||-4px|||\" custom_padding=\"0px|0px|4px|0px||\" animation_direction=\"top\" locked=\"off\"][et_pb_row column_structure=\"2_5,3_5\" custom_padding_last_edited=\"on|phone\" _builder_version=\"4.2.2\" max_width=\"1440px\" custom_margin=\"|auto|40px|auto||\" custom_margin_tablet=\"\" custom_margin_phone=\"||20px||false|false\" custom_margin_last_edited=\"on|phone\" custom_padding=\"70px||0px||false|false\" custom_padding_tablet=\"\" custom_padding_phone=\"20px||||false|false\" use_custom_width=\"on\" custom_width_px=\"1440px\"][et_pb_column type=\"2_5\" _builder_version=\"3.25\" custom_padding=\"|||\" custom_padding__hover=\"|||\"][et_pb_image src=\"https:\/\/spindle.team\/wp-content\/uploads\/2020\/03\/bullets-3.svg\" align=\"right\" module_class=\"hide_on_mobile\" _builder_version=\"4.2.2\" positioning=\"absolute\" position_origin_a=\"bottom_center\" vertical_offset=\"-188px\" width=\"100%\" height=\"594px\" custom_margin=\"50px||||false|false\"][\/et_pb_image][\/et_pb_column][et_pb_column type=\"3_5\" _builder_version=\"3.25\" custom_padding=\"|||\" custom_padding__hover=\"|||\"][et_pb_text _builder_version=\"4.2.2\" background_layout=\"dark\" width=\"100%\" min_height=\"81px\" custom_margin=\"0px||27px||false|false\" custom_padding=\"0px||11px||false|false\" locked=\"off\"]<\/p><h1>spindle_<\/h1><p>[\/et_pb_text][\/et_pb_column][\/et_pb_row][\/et_pb_section][et_pb_section fb_built=\"1\" _builder_version=\"4.2.2\"][et_pb_row column_structure=\"1_4,1_4,1_4,1_4\" _builder_version=\"4.2.2\" max_width=\"1920px\"][et_pb_column type=\"1_4\" _builder_version=\"4.2.2\"][et_pb_text _builder_version=\"4.2.2\" header_2_font=\"Averta-Black|700|||||||\" header_2_font_size=\"29px\" custom_margin=\"||0px||false|false\" header_font_size_tablet=\"\" header_font_size_phone=\"\" header_font_size_last_edited=\"on|desktop\"]<\/p><h2>Nos convictions<\/h2><p>[\/et_pb_text][et_pb_text _builder_version=\"4.2.2\" header_2_font=\"Averta-Black|700|||||||\" header_2_font_size=\"29px\" custom_margin=\"||20px||false|false\" header_font_size_tablet=\"\" header_font_size_phone=\"\" header_font_size_last_edited=\"on|desktop\"]<\/p><p>Les entreprises ont besoin de remettre en question leurs pratiques et leurs croyances pour ne pas rester paralys\u00e9es devant l'incertitude et la complexit\u00e9.<\/p><p>[\/et_pb_text][et_pb_code _builder_version=\"4.2.2\" text_orientation=\"left\" max_width=\"500px\" locked=\"off\"]<button class=\"bouton_anime_spindle\"><!-- [et_pb_line_break_holder] --><a href=\"\/spindle\/convictions\/\">En savoir plus<\/a><\/button>[\/et_pb_code][\/et_pb_column][et_pb_column type=\"1_4\" _builder_version=\"4.2.2\"][et_pb_text _builder_version=\"4.2.2\" header_2_font=\"Averta-Black|700|||||||\" header_2_font_size=\"29px\" custom_margin=\"||0px||false|false\" header_font_size_tablet=\"\" header_font_size_phone=\"\" header_font_size_last_edited=\"on|desktop\"]<\/p><h2>Nos valeurs<\/h2><p>[\/et_pb_text][et_pb_text _builder_version=\"4.2.2\" header_2_font=\"Averta-Black|700|||||||\" header_2_font_size=\"29px\" custom_margin=\"||20px||false|false\" header_font_size_tablet=\"\" header_font_size_phone=\"\" header_font_size_last_edited=\"on|desktop\"]<\/p><p>Les principes qui guident notre fa\u00e7on d\u2019\u00eatre, de faire et d\u2019accompagner les \u00e9quipes et les Organisations avec lesquelles nous travaillons.<\/p><p>[\/et_pb_text][et_pb_code _builder_version=\"4.2.2\" text_orientation=\"left\" max_width=\"500px\" locked=\"off\"]<button class=\"bouton_anime_spindle\"><!-- [et_pb_line_break_holder] --><a href=\"\/spindle\/valeurs\/\">En savoir plus<\/a><\/button>[\/et_pb_code][\/et_pb_column][et_pb_column type=\"1_4\" _builder_version=\"4.2.2\"][et_pb_text _builder_version=\"4.2.2\" header_2_font=\"Averta-Black|700|||||||\" header_2_font_size=\"29px\" custom_margin=\"||0px||false|false\" header_font_size_tablet=\"\" header_font_size_phone=\"\" header_font_size_last_edited=\"on|desktop\"]<\/p><h2>L'\u00e9quipe<\/h2><p>[\/et_pb_text][et_pb_text _builder_version=\"4.2.2\" header_2_font=\"Averta-Black|700|||||||\" header_2_font_size=\"29px\" custom_margin=\"||20px||false|false\" header_font_size_tablet=\"\" header_font_size_phone=\"\" header_font_size_last_edited=\"on|desktop\"]Notre collectif est riche de profils et de parcours \u00e9clectiques avec quelques d\u00e9nominateurs communs forts de sens.[\/et_pb_text][et_pb_code _builder_version=\"4.2.2\" text_orientation=\"left\" max_width=\"500px\" locked=\"off\"]<button class=\"bouton_anime_spindle\"><!-- [et_pb_line_break_holder] --><a href=\"\/spindle\/l-equipe\/\">En savoir plus<\/a><\/button>[\/et_pb_code][\/et_pb_column][et_pb_column type=\"1_4\" _builder_version=\"4.2.2\"][et_pb_text _builder_version=\"4.2.2\" header_2_font=\"Averta-Black|700|||||||\" header_2_font_size=\"29px\" custom_margin=\"||0px||false|false\" header_font_size_tablet=\"\" header_font_size_phone=\"\" header_font_size_last_edited=\"on|desktop\"]<\/p><h2>Nos inspirations<\/h2><p>[\/et_pb_text][et_pb_text _builder_version=\"4.2.2\" header_2_font=\"Averta-Black|700|||||||\" header_2_font_size=\"29px\" custom_margin=\"||20px||false|false\" header_font_size_tablet=\"\" header_font_size_phone=\"\" header_font_size_last_edited=\"on|desktop\"]<\/p><p>Nos r\u00e9flexions et nos pratiques sont riches de nombreux apports venant des sciences sociales, d\u2019innovations RH, de m\u00e9thodes agiles ...<\/p><p>[\/et_pb_text][et_pb_code _builder_version=\"4.2.2\" text_orientation=\"left\" max_width=\"500px\" locked=\"off\"]<button class=\"bouton_anime_spindle\"><!-- [et_pb_line_break_holder] --><a href=\"\/spindle\/inspirations\/\">En savoir plus<\/a><\/button>[\/et_pb_code][\/et_pb_column][\/et_pb_row][\/et_pb_section]<\/p>","_et_gb_content_width":"","footnotes":""},"class_list":["post-17911","page","type-page","status-publish","hentry"],"yoast_head":"<!-- This site is optimized with the Yoast SEO plugin v27.3 - https:\/\/yoast.com\/product\/yoast-seo-wordpress\/ -->\n<title>Spindle - Spindle<\/title>\n<meta name=\"robots\" content=\"index, follow, max-snippet:-1, max-image-preview:large, max-video-preview:-1\" \/>\n<link rel=\"canonical\" href=\"https:\/\/spindle.team\/es\/spindle\/\" \/>\n<meta property=\"og:locale\" content=\"es_ES\" \/>\n<meta property=\"og:type\" content=\"article\" \/>\n<meta property=\"og:title\" content=\"Spindle - Spindle\" \/>\n<meta property=\"og:description\" content=\"spindle_ Nuestras convicciones Las empresas necesitan cuestionar sus pr\u00e1cticas y creencias para no quedarse paralizadas ante la complejidad y la incertidumbre. Nuestros valores Los principios que gu\u00edan nuestra manera de ser, de hacer y de asistir a los equipos y a las organizaciones con los que trabajamos. El equipo Nuestro equipo es abundante en trayectorias [&hellip;]\" \/>\n<meta property=\"og:url\" content=\"https:\/\/spindle.team\/es\/spindle\/\" \/>\n<meta property=\"og:site_name\" content=\"Spindle\" \/>\n<meta property=\"article:modified_time\" content=\"2020-05-14T15:20:38+00:00\" \/>\n<meta name=\"twitter:card\" content=\"summary_large_image\" \/>\n<meta name=\"twitter:site\" content=\"@SpindleAgile\" \/>\n<meta name=\"twitter:label1\" content=\"Tiempo de lectura\" \/>\n\t<meta name=\"twitter:data1\" content=\"4 minutos\" \/>\n<script type=\"application\/ld+json\" class=\"yoast-schema-graph\">{\"@context\":\"https:\\\/\\\/schema.org\",\"@graph\":[{\"@type\":\"WebPage\",\"@id\":\"https:\\\/\\\/spindle.team\\\/es\\\/spindle\\\/\",\"url\":\"https:\\\/\\\/spindle.team\\\/es\\\/spindle\\\/\",\"name\":\"Spindle - Spindle\",\"isPartOf\":{\"@id\":\"https:\\\/\\\/spindle.team\\\/#website\"},\"datePublished\":\"2020-05-07T08:56:35+00:00\",\"dateModified\":\"2020-05-14T15:20:38+00:00\",\"breadcrumb\":{\"@id\":\"https:\\\/\\\/spindle.team\\\/es\\\/spindle\\\/#breadcrumb\"},\"inLanguage\":\"es\",\"potentialAction\":[{\"@type\":\"ReadAction\",\"target\":[\"https:\\\/\\\/spindle.team\\\/es\\\/spindle\\\/\"]}]},{\"@type\":\"BreadcrumbList\",\"@id\":\"https:\\\/\\\/spindle.team\\\/es\\\/spindle\\\/#breadcrumb\",\"itemListElement\":[{\"@type\":\"ListItem\",\"position\":1,\"name\":\"Accueil\",\"item\":\"https:\\\/\\\/spindle.team\\\/es\\\/\"},{\"@type\":\"ListItem\",\"position\":2,\"name\":\"Spindle\"}]},{\"@type\":\"WebSite\",\"@id\":\"https:\\\/\\\/spindle.team\\\/#website\",\"url\":\"https:\\\/\\\/spindle.team\\\/\",\"name\":\"Spindle\",\"description\":\"agile interactions\",\"publisher\":{\"@id\":\"https:\\\/\\\/spindle.team\\\/#organization\"},\"potentialAction\":[{\"@type\":\"SearchAction\",\"target\":{\"@type\":\"EntryPoint\",\"urlTemplate\":\"https:\\\/\\\/spindle.team\\\/?s={search_term_string}\"},\"query-input\":{\"@type\":\"PropertyValueSpecification\",\"valueRequired\":true,\"valueName\":\"search_term_string\"}}],\"inLanguage\":\"es\"},{\"@type\":\"Organization\",\"@id\":\"https:\\\/\\\/spindle.team\\\/#organization\",\"name\":\"Spindle\",\"url\":\"https:\\\/\\\/spindle.team\\\/\",\"logo\":{\"@type\":\"ImageObject\",\"inLanguage\":\"es\",\"@id\":\"https:\\\/\\\/spindle.team\\\/#\\\/schema\\\/logo\\\/image\\\/\",\"url\":\"https:\\\/\\\/spindle.team\\\/wp-content\\\/uploads\\\/2020\\\/09\\\/newlogo-spindle-1-e1600856111458.png\",\"contentUrl\":\"https:\\\/\\\/spindle.team\\\/wp-content\\\/uploads\\\/2020\\\/09\\\/newlogo-spindle-1-e1600856111458.png\",\"width\":1200,\"height\":399,\"caption\":\"Spindle\"},\"image\":{\"@id\":\"https:\\\/\\\/spindle.team\\\/#\\\/schema\\\/logo\\\/image\\\/\"},\"sameAs\":[\"https:\\\/\\\/x.com\\\/SpindleAgile\",\"https:\\\/\\\/www.linkedin.com\\\/company\\\/spindle-agile\\\/\",\"https:\\\/\\\/www.youtube.com\\\/channel\\\/UCDC9QfB44OWw0fo86fPCXyg\"]}]}<\/script>\n<!-- \/ Yoast SEO plugin. -->","yoast_head_json":{"title":"Spindle - Spindle","robots":{"index":"index","follow":"follow","max-snippet":"max-snippet:-1","max-image-preview":"max-image-preview:large","max-video-preview":"max-video-preview:-1"},"canonical":"https:\/\/spindle.team\/es\/spindle\/","og_locale":"es_ES","og_type":"article","og_title":"Spindle - Spindle","og_description":"spindle_ Nuestras convicciones Las empresas necesitan cuestionar sus pr\u00e1cticas y creencias para no quedarse paralizadas ante la complejidad y la incertidumbre. Nuestros valores Los principios que gu\u00edan nuestra manera de ser, de hacer y de asistir a los equipos y a las organizaciones con los que trabajamos. El equipo Nuestro equipo es abundante en trayectorias [&hellip;]","og_url":"https:\/\/spindle.team\/es\/spindle\/","og_site_name":"Spindle","article_modified_time":"2020-05-14T15:20:38+00:00","twitter_card":"summary_large_image","twitter_site":"@SpindleAgile","twitter_misc":{"Tiempo de lectura":"4 minutos"},"schema":{"@context":"https:\/\/schema.org","@graph":[{"@type":"WebPage","@id":"https:\/\/spindle.team\/es\/spindle\/","url":"https:\/\/spindle.team\/es\/spindle\/","name":"Spindle - Spindle","isPartOf":{"@id":"https:\/\/spindle.team\/#website"},"datePublished":"2020-05-07T08:56:35+00:00","dateModified":"2020-05-14T15:20:38+00:00","breadcrumb":{"@id":"https:\/\/spindle.team\/es\/spindle\/#breadcrumb"},"inLanguage":"es","potentialAction":[{"@type":"ReadAction","target":["https:\/\/spindle.team\/es\/spindle\/"]}]},{"@type":"BreadcrumbList","@id":"https:\/\/spindle.team\/es\/spindle\/#breadcrumb","itemListElement":[{"@type":"ListItem","position":1,"name":"Accueil","item":"https:\/\/spindle.team\/es\/"},{"@type":"ListItem","position":2,"name":"Spindle"}]},{"@type":"WebSite","@id":"https:\/\/spindle.team\/#website","url":"https:\/\/spindle.team\/","name":"Spindle","description":"agile interactions","publisher":{"@id":"https:\/\/spindle.team\/#organization"},"potentialAction":[{"@type":"SearchAction","target":{"@type":"EntryPoint","urlTemplate":"https:\/\/spindle.team\/?s={search_term_string}"},"query-input":{"@type":"PropertyValueSpecification","valueRequired":true,"valueName":"search_term_string"}}],"inLanguage":"es"},{"@type":"Organization","@id":"https:\/\/spindle.team\/#organization","name":"Spindle","url":"https:\/\/spindle.team\/","logo":{"@type":"ImageObject","inLanguage":"es","@id":"https:\/\/spindle.team\/#\/schema\/logo\/image\/","url":"https:\/\/spindle.team\/wp-content\/uploads\/2020\/09\/newlogo-spindle-1-e1600856111458.png","contentUrl":"https:\/\/spindle.team\/wp-content\/uploads\/2020\/09\/newlogo-spindle-1-e1600856111458.png","width":1200,"height":399,"caption":"Spindle"},"image":{"@id":"https:\/\/spindle.team\/#\/schema\/logo\/image\/"},"sameAs":["https:\/\/x.com\/SpindleAgile","https:\/\/www.linkedin.com\/company\/spindle-agile\/","https:\/\/www.youtube.com\/channel\/UCDC9QfB44OWw0fo86fPCXyg"]}]}},"_links":{"self":[{"href":"https:\/\/spindle.team\/es\/wp-json\/wp\/v2\/pages\/17911","targetHints":{"allow":["GET"]}}],"collection":[{"href":"https:\/\/spindle.team\/es\/wp-json\/wp\/v2\/pages"}],"about":[{"href":"https:\/\/spindle.team\/es\/wp-json\/wp\/v2\/types\/page"}],"author":[{"embeddable":true,"href":"https:\/\/spindle.team\/es\/wp-json\/wp\/v2\/users\/1"}],"replies":[{"embeddable":true,"href":"https:\/\/spindle.team\/es\/wp-json\/wp\/v2\/comments?post=17911"}],"version-history":[{"count":5,"href":"https:\/\/spindle.team\/es\/wp-json\/wp\/v2\/pages\/17911\/revisions"}],"predecessor-version":[{"id":18360,"href":"https:\/\/spindle.team\/es\/wp-json\/wp\/v2\/pages\/17911\/revisions\/18360"}],"wp:attachment":[{"href":"https:\/\/spindle.team\/es\/wp-json\/wp\/v2\/media?parent=17911"}],"curies":[{"name":"wp","href":"https:\/\/api.w.org\/{rel}","templated":true}]}}