{"id":17932,"date":"2020-05-07T11:21:19","date_gmt":"2020-05-07T09:21:19","guid":{"rendered":"https:\/\/spindle.team\/?page_id=17932"},"modified":"2020-06-18T11:23:46","modified_gmt":"2020-06-18T09:23:46","slug":"nuestras-inspiraciones","status":"publish","type":"page","link":"https:\/\/spindle.team\/es\/spindle\/nuestras-inspiraciones\/","title":{"rendered":"nuestras inspiraciones"},"content":{"rendered":"<p>[et_pb_section fb_built=\u00bb1&#8243; admin_label=\u00bbHero Section\u00bb _builder_version=\u00bb4.2.2&#8243; use_background_color_gradient=\u00bbon\u00bb background_color_gradient_start=\u00bb#fee2d7&#8243; background_color_gradient_end=\u00bb#ffbba0&#8243; background_color_gradient_direction=\u00bb131deg\u00bb background_image=\u00bbhttps:\/\/spindle.team\/wp-content\/uploads\/2020\/02\/bg-ciel.jpg\u00bb custom_margin=\u00bb||-4px|||\u00bb custom_padding=\u00bb0px|0px|4px|0px||\u00bb animation_direction=\u00bbtop\u00bb][et_pb_row column_structure=\u00bb2_5,3_5&#8243; custom_padding_last_edited=\u00bbon|phone\u00bb _builder_version=\u00bb4.2.2&#8243; max_width=\u00bb1440px\u00bb custom_margin=\u00bb|auto|40px|auto||\u00bb custom_margin_tablet=\u00bb\u00bb custom_margin_phone=\u00bb||20px||false|false\u00bb custom_margin_last_edited=\u00bbon|phone\u00bb custom_padding=\u00bb70px||0px||false|false\u00bb custom_padding_tablet=\u00bb\u00bb custom_padding_phone=\u00bb20px||||false|false\u00bb use_custom_width=\u00bbon\u00bb custom_width_px=\u00bb1440px\u00bb][et_pb_column type=\u00bb2_5&#8243; _builder_version=\u00bb4.2.2&#8243; custom_padding=\u00bb|||\u00bb z_index_tablet=\u00bb\u00bb z_index_phone=\u00bb0&#8243; z_index_last_edited=\u00bbon|phone\u00bb overflow-y_last_edited=\u00bboff|phone\u00bb custom_padding__hover=\u00bb|||\u00bb][et_pb_image src=\u00bbhttps:\/\/spindle.team\/wp-content\/uploads\/2020\/03\/bullets-3.svg\u00bb align=\u00bbright\u00bb module_class=\u00bbhide_on_mobile\u00bb _builder_version=\u00bb4.2.2&#8243; positioning=\u00bbabsolute\u00bb position_origin_a=\u00bbbottom_center\u00bb vertical_offset=\u00bb-281px\u00bb width=\u00bb100%\u00bb height=\u00bb594px\u00bb custom_margin=\u00bb50px||||false|false\u00bb][\/et_pb_image][\/et_pb_column][et_pb_column type=\u00bb3_5&#8243; _builder_version=\u00bb3.25&#8243; custom_padding=\u00bb|||\u00bb custom_padding__hover=\u00bb|||\u00bb][et_pb_text _builder_version=\u00bb4.3.4&#8243; background_layout=\u00bbdark\u00bb width=\u00bb100%\u00bb min_height=\u00bb81px\u00bb custom_margin=\u00bb0px||27px||false|false\u00bb custom_padding=\u00bb0px||11px||false|false\u00bb locked=\u00bboff\u00bb]<\/p>\n<h1>nuestras inspiraciones_<\/h1>\n<p>[\/et_pb_text][\/et_pb_column][\/et_pb_row][\/et_pb_section][et_pb_section fb_built=\u00bb1&#8243; _builder_version=\u00bb4.2.2&#8243; background_color=\u00bb#ffffff\u00bb custom_margin=\u00bb||||false|false\u00bb custom_padding=\u00bb5px||5px||true|false\u00bb border_style_all=\u00bbdotted\u00bb border_color_bottom=\u00bbrgba(51,51,51,0.07)\u00bb saved_tabs=\u00bball\u00bb][et_pb_row _builder_version=\u00bb4.2.2&#8243; width=\u00bb90%\u00bb max_width=\u00bb1920px\u00bb custom_padding=\u00bb4px||5px|||\u00bb][et_pb_column type=\u00bb4_4&#8243; _builder_version=\u00bb4.2.2&#8243;][et_pb_text _builder_version=\u00bb4.2.2&#8243; custom_margin=\u00bb0px||0px||true|false\u00bb custom_padding=\u00bb0px||0px||true|false\u00bb]<\/p>\n<p id=\"breadcrumbs\"><span><span><a href=\"https:\/\/spindle.team\/es\/\">Accueil<\/a><\/span><\/span><\/p>\n<p>[\/et_pb_text][\/et_pb_column][\/et_pb_row][\/et_pb_section][et_pb_section fb_built=\u00bb1&#8243; admin_label=\u00bbCollections\u00bb _builder_version=\u00bb4.2.2&#8243; background_enable_color=\u00bboff\u00bb use_background_color_gradient=\u00bbon\u00bb background_color_gradient_start=\u00bbrgba(236,235,228,0)\u00bb background_color_gradient_end=\u00bbrgba(236,235,228,0.18)\u00bb background_color_gradient_direction=\u00bb176deg\u00bb background_color_gradient_start_position=\u00bb15%\u00bb background_color_gradient_end_position=\u00bb15%\u00bb custom_margin=\u00bb71px||||false|false\u00bb custom_padding=\u00bb0px|0px|0px|0px|true|false\u00bb][et_pb_row column_structure=\u00bb1_2,1_2&#8243; make_equal=\u00bbon\u00bb _builder_version=\u00bb4.2.2&#8243; background_color=\u00bb#ffffff\u00bb width_tablet=\u00bb\u00bb width_phone=\u00bb100%\u00bb width_last_edited=\u00bbon|phone\u00bb module_alignment=\u00bbcenter\u00bb custom_margin=\u00bb|auto||auto|false|false\u00bb custom_padding=\u00bb0px||0px|\u00bb box_shadow_style=\u00bbpreset3&#8243; box_shadow_vertical=\u00bb40px\u00bb box_shadow_blur=\u00bb50px\u00bb box_shadow_color=\u00bbrgba(0,0,0,0.1)\u00bb][et_pb_column type=\u00bb1_2&#8243; _builder_version=\u00bb4.2.2&#8243; background_enable_color=\u00bboff\u00bb use_background_color_gradient=\u00bbon\u00bb background_color_gradient_start=\u00bb#4b73bc\u00bb background_color_gradient_end=\u00bb#94a2bc\u00bb background_color_gradient_direction=\u00bb35deg\u00bb custom_padding=\u00bb|5%||5%\u00bb custom_padding__hover=\u00bb|||\u00bb][et_pb_image src=\u00bbhttps:\/\/spindle.team\/wp-content\/uploads\/2020\/03\/img-se-reinventer.jpg\u00bb align=\u00bbcenter\u00bb align_tablet=\u00bbcenter\u00bb align_phone=\u00bb\u00bb align_last_edited=\u00bbon|desktop\u00bb _builder_version=\u00bb4.2.2&#8243; custom_margin=\u00bb-20px||-20px|\u00bb custom_padding=\u00bb|||\u00bb animation_style=\u00bbzoom\u00bb animation_direction=\u00bbleft\u00bb animation_intensity_zoom=\u00bb10%\u00bb animation_starting_opacity=\u00bb100%\u00bb][\/et_pb_image][\/et_pb_column][et_pb_column type=\u00bb1_2&#8243; _builder_version=\u00bb4.2.2&#8243; background_color=\u00bb#ffffff\u00bb custom_padding=\u00bb40px|40px|40px|40px\u00bb custom_padding__hover=\u00bb|||\u00bb][et_pb_text _builder_version=\u00bb4.3.4&#8243; header_font=\u00bb||||||||\u00bb header_text_color=\u00bb#7c2577&#8243; header_2_font=\u00bbAverta-Black|700|||||||\u00bb header_2_text_align=\u00bbleft\u00bb header_2_text_color=\u00bb#430640&#8243; header_2_font_size=\u00bb46px\u00bb custom_margin=\u00bb-20px||20px|||\u00bb custom_padding=\u00bb31px|||||\u00bb animation_direction=\u00bbbottom\u00bb]<\/p>\n<p>Nuestras reflexiones y nuestras pr\u00e1cticas cuentan con muchas aportaciones de las ciencias sociales, innovaciones de RR. HH., m\u00e9todos de proyectos \u00e1giles, psicolog\u00eda, coaching y otros campos.<\/p>\n<p>A continuaci\u00f3n se muestra una selecci\u00f3n de aquello(s) que nos sirven de inspiraci\u00f3n :<\/p>\n<p>[\/et_pb_text][et_pb_text _builder_version=\u00bb4.3.4&#8243; header_font=\u00bb||||||||\u00bb header_2_font=\u00bb||||||||\u00bb module_alignment=\u00bbcenter\u00bb custom_margin=\u00bb||30px|\u00bb]<\/p>\n<ul>\n<li>\u00abThe Truth About Motivation\u00bb, Dan Pink.<\/li>\n<li>\u00abStart with why\u00bb, Simon Sinek<\/li>\n<li>Los m\u00e9todos \u00e1giles y, especialmente, Scrum y Lean Startup<\/li>\n<li>\u00bb La r\u00e9volution Holacratie \u00ab, Brian Robertson<\/li>\n<li>\u00abReinventing Organizations\u00bb, Fr\u00e9d\u00e9ric Laloux<\/li>\n<li>El an\u00e1lisis transaccional, Eric Berne<\/li>\n<li>\u00abTurn the Ship Around\u00bb y \u00abLeadership is langage\u00bb, L. David Marquet<\/li>\n<li>\u00abOODA Loop\u00bb, John Boyd<\/li>\n<li>\u00abDirigir como un gran director de orquesta\u00bb, Itay Talgam<\/li>\n<li>\u00abDare to disagree\u00bb y \u00abEs hora de olvidar el orden jer\u00e1rquico\u00bb, Margaret Heffernan<\/li>\n<li>\u00abLo que nos esta pasando\u00bb, Marc Hal\u00e9vy<\/li>\n<\/ul>\n<p>[\/et_pb_text][\/et_pb_column][\/et_pb_row][\/et_pb_section]<\/p>\n","protected":false},"excerpt":{"rendered":"<p>nuestras inspiraciones_<p id=\"breadcrumbs\"><span><span><a href=\"https:\/\/spindle.team\/es\/\">Accueil<\/a><\/span><\/span><\/p>Nuestras reflexiones y nuestras pr\u00e1cticas cuentan con muchas aportaciones de las ciencias sociales, innovaciones de RR. HH., m\u00e9todos de proyectos \u00e1giles, psicolog\u00eda, coaching y otros campos. A continuaci\u00f3n se muestra una selecci\u00f3n de aquello(s) que nos sirven de inspiraci\u00f3n : \u00abThe Truth About Motivation\u00bb, Dan Pink. \u00abStart with why\u00bb, Simon Sinek Los m\u00e9todos \u00e1giles [&hellip;]<\/p>\n","protected":false},"author":1,"featured_media":0,"parent":17911,"menu_order":0,"comment_status":"closed","ping_status":"closed","template":"","meta":{"_et_pb_use_builder":"on","_et_pb_old_content":"[et_pb_section fb_built=\"1\" admin_label=\"Hero Section\" _builder_version=\"4.2.2\" use_background_color_gradient=\"on\" background_color_gradient_start=\"#fee2d7\" background_color_gradient_end=\"#ffbba0\" background_color_gradient_direction=\"131deg\" background_image=\"https:\/\/spindle.team\/wp-content\/uploads\/2020\/02\/bg-ciel.jpg\" custom_margin=\"||-4px|||\" custom_padding=\"0px|0px|4px|0px||\" animation_direction=\"top\"][et_pb_row column_structure=\"2_5,3_5\" custom_padding_last_edited=\"on|phone\" _builder_version=\"4.2.2\" max_width=\"1440px\" custom_margin=\"|auto|40px|auto||\" custom_margin_tablet=\"\" custom_margin_phone=\"||20px||false|false\" custom_margin_last_edited=\"on|phone\" custom_padding=\"70px||0px||false|false\" custom_padding_tablet=\"\" custom_padding_phone=\"20px||||false|false\" use_custom_width=\"on\" custom_width_px=\"1440px\"][et_pb_column type=\"2_5\" _builder_version=\"4.2.2\" custom_padding=\"|||\" z_index_tablet=\"\" z_index_phone=\"0\" z_index_last_edited=\"on|phone\" overflow-y_last_edited=\"off|phone\" custom_padding__hover=\"|||\"][et_pb_image src=\"https:\/\/spindle.team\/wp-content\/uploads\/2020\/03\/bullets-3.svg\" align=\"right\" module_class=\"hide_on_mobile\" _builder_version=\"4.2.2\" positioning=\"absolute\" position_origin_a=\"bottom_center\" vertical_offset=\"-281px\" width=\"100%\" height=\"594px\" custom_margin=\"50px||||false|false\"][\/et_pb_image][\/et_pb_column][et_pb_column type=\"3_5\" _builder_version=\"3.25\" custom_padding=\"|||\" custom_padding__hover=\"|||\"][et_pb_text _builder_version=\"4.2.2\" background_layout=\"dark\" width=\"100%\" min_height=\"81px\" custom_margin=\"0px||27px||false|false\" custom_padding=\"0px||11px||false|false\" locked=\"off\"]<h1>nos\u00a0<br \/>inspirations_<\/h1>[\/et_pb_text][\/et_pb_column][\/et_pb_row][\/et_pb_section][et_pb_section fb_built=\"1\" _builder_version=\"4.2.2\" background_color=\"#ffffff\" custom_margin=\"||||false|false\" custom_padding=\"5px||5px||true|false\" border_style_all=\"dotted\" border_color_bottom=\"rgba(51,51,51,0.07)\" global_module=\"4764\" saved_tabs=\"all\"][et_pb_row _builder_version=\"4.2.2\" width=\"90%\" max_width=\"1920px\" custom_padding=\"4px||5px|||\"][et_pb_column type=\"4_4\" _builder_version=\"4.2.2\"][et_pb_text _builder_version=\"4.2.2\" custom_margin=\"0px||0px||true|false\" custom_padding=\"0px||0px||true|false\"]<p>[arx_display_breadcrumbs][\/arx_display_breadcrumbs]<\/p>[\/et_pb_text][\/et_pb_column][\/et_pb_row][\/et_pb_section][et_pb_section fb_built=\"1\" admin_label=\"Collections\" _builder_version=\"4.2.2\" background_enable_color=\"off\" use_background_color_gradient=\"on\" background_color_gradient_start=\"rgba(236,235,228,0)\" background_color_gradient_end=\"rgba(236,235,228,0.18)\" background_color_gradient_direction=\"176deg\" background_color_gradient_start_position=\"15%\" background_color_gradient_end_position=\"15%\" custom_margin=\"71px||||false|false\" custom_padding=\"0px|0px|0px|0px|true|false\"][et_pb_row column_structure=\"1_2,1_2\" make_equal=\"on\" _builder_version=\"4.2.2\" background_color=\"#ffffff\" width_tablet=\"\" width_phone=\"100%\" width_last_edited=\"on|phone\" module_alignment=\"center\" custom_margin=\"|auto||auto|false|false\" custom_padding=\"0px||0px|\" box_shadow_style=\"preset3\" box_shadow_vertical=\"40px\" box_shadow_blur=\"50px\" box_shadow_color=\"rgba(0,0,0,0.1)\"][et_pb_column type=\"1_2\" _builder_version=\"4.2.2\" background_enable_color=\"off\" use_background_color_gradient=\"on\" background_color_gradient_start=\"#4b73bc\" background_color_gradient_end=\"#94a2bc\" background_color_gradient_direction=\"35deg\" custom_padding=\"|5%||5%\" custom_padding__hover=\"|||\"][et_pb_image src=\"https:\/\/spindle.team\/wp-content\/uploads\/2020\/03\/img-se-reinventer.jpg\" align=\"center\" align_tablet=\"center\" align_phone=\"\" align_last_edited=\"on|desktop\" _builder_version=\"4.2.2\" custom_margin=\"-20px||-20px|\" custom_padding=\"|||\" animation_style=\"zoom\" animation_direction=\"left\" animation_intensity_zoom=\"10%\" animation_starting_opacity=\"100%\"][\/et_pb_image][\/et_pb_column][et_pb_column type=\"1_2\" _builder_version=\"4.2.2\" background_color=\"#ffffff\" custom_padding=\"40px|40px|40px|40px\" custom_padding__hover=\"|||\"][et_pb_text _builder_version=\"4.2.2\" header_font=\"||||||||\" header_text_color=\"#7c2577\" header_2_font=\"Averta-Black|700|||||||\" header_2_text_align=\"left\" header_2_text_color=\"#430640\" header_2_font_size=\"46px\" custom_margin=\"-20px||20px|||\" custom_padding=\"31px|||||\" animation_direction=\"bottom\"]<p>Nos r\u00e9flexions et nos pratiques sont riches de nombreux apports venant des sciences sociales, d\u2019innovations RH, de m\u00e9thodes projets agiles, de la psychologie, du coaching et bien d\u2019autres domaines.<\/p>\r\n<p>Voici un floril\u00e8ge de Ce(ux) qui nous inspirent :<\/p>[\/et_pb_text][et_pb_text _builder_version=\"4.2.2\" header_font=\"||||||||\" header_2_font=\"||||||||\" module_alignment=\"center\" custom_margin=\"||30px|\"]<ul>\r\n<li>\"The Truth About Motivation\", Dan Pink.<\/li>\r\n<li>\"Start with why\", Simon Sinek<\/li>\r\n<li>Les m\u00e9thodes Agiles et notamment Scrum et Lean Startup<\/li>\r\n<li>\"La r\u00e9volution Holacratie\", Brian Robertson<\/li>\r\n<li>\"Reinventing Organizations\", Fr\u00e9d\u00e9ric Laloux<\/li>\r\n<li>L\u2019analyse transactionnelle, Eric Berne<\/li>\r\n<li>\"Turn the Ship Around\" et \"Leadership is langage\", L. David Marquet<\/li>\r\n<li>\"OODA Loop\", John Boyd<\/li>\r\n<li>\"Diriger comme un grand chef d'orchestre\", Itay Talgam<\/li>\r\n<li>\"Dare to disagree\" et \"Il est temps d'oublier l'ordre hi\u00e9rarchique\", Margaret Heffernan<\/li>\r\n<li>\"Qu'est-ce qui nous arrive?\", Marc Hal\u00e9vy<\/li>\r\n<\/ul>[\/et_pb_text][\/et_pb_column][\/et_pb_row][\/et_pb_section]","_et_gb_content_width":"","footnotes":""},"class_list":["post-17932","page","type-page","status-publish","hentry"],"yoast_head":"<!-- This site is optimized with the Yoast SEO plugin v27.4 - https:\/\/yoast.com\/product\/yoast-seo-wordpress\/ -->\n<title>Las inspiraciones<\/title>\n<meta name=\"description\" content=\"Nuestras reflexiones y nuestras pr\u00e1cticas cuentan con muchas aportaciones de las ciencias sociales, innovaciones de RR. HH., m\u00e9todos de proyectos \u00e1giles, psicolog\u00eda, coaching y otros campos.\" \/>\n<meta name=\"robots\" content=\"index, follow, max-snippet:-1, max-image-preview:large, max-video-preview:-1\" \/>\n<link rel=\"canonical\" href=\"https:\/\/spindle.team\/es\/spindle\/nuestras-inspiraciones\/\" \/>\n<meta property=\"og:locale\" content=\"es_ES\" \/>\n<meta property=\"og:type\" content=\"article\" \/>\n<meta property=\"og:title\" content=\"Las inspiraciones\" \/>\n<meta property=\"og:description\" content=\"Nuestras reflexiones y nuestras pr\u00e1cticas cuentan con muchas aportaciones de las ciencias sociales, innovaciones de RR. HH., m\u00e9todos de proyectos \u00e1giles, psicolog\u00eda, coaching y otros campos.\" \/>\n<meta property=\"og:url\" content=\"https:\/\/spindle.team\/es\/spindle\/nuestras-inspiraciones\/\" \/>\n<meta property=\"og:site_name\" content=\"Spindle\" \/>\n<meta property=\"article:modified_time\" content=\"2020-06-18T09:23:46+00:00\" \/>\n<meta name=\"twitter:card\" content=\"summary_large_image\" \/>\n<meta name=\"twitter:site\" content=\"@SpindleAgile\" \/>\n<meta name=\"twitter:label1\" content=\"Tiempo de lectura\" \/>\n\t<meta name=\"twitter:data1\" content=\"4 minutos\" \/>\n<script type=\"application\/ld+json\" class=\"yoast-schema-graph\">{\"@context\":\"https:\\\/\\\/schema.org\",\"@graph\":[{\"@type\":\"WebPage\",\"@id\":\"https:\\\/\\\/spindle.team\\\/es\\\/spindle\\\/nuestras-inspiraciones\\\/\",\"url\":\"https:\\\/\\\/spindle.team\\\/es\\\/spindle\\\/nuestras-inspiraciones\\\/\",\"name\":\"Las inspiraciones\",\"isPartOf\":{\"@id\":\"https:\\\/\\\/spindle.team\\\/#website\"},\"datePublished\":\"2020-05-07T09:21:19+00:00\",\"dateModified\":\"2020-06-18T09:23:46+00:00\",\"description\":\"Nuestras reflexiones y nuestras pr\u00e1cticas cuentan con muchas aportaciones de las ciencias sociales, innovaciones de RR. HH., m\u00e9todos de proyectos \u00e1giles, psicolog\u00eda, coaching y otros campos.\",\"breadcrumb\":{\"@id\":\"https:\\\/\\\/spindle.team\\\/es\\\/spindle\\\/nuestras-inspiraciones\\\/#breadcrumb\"},\"inLanguage\":\"es\",\"potentialAction\":[{\"@type\":\"ReadAction\",\"target\":[\"https:\\\/\\\/spindle.team\\\/es\\\/spindle\\\/nuestras-inspiraciones\\\/\"]}]},{\"@type\":\"BreadcrumbList\",\"@id\":\"https:\\\/\\\/spindle.team\\\/es\\\/spindle\\\/nuestras-inspiraciones\\\/#breadcrumb\",\"itemListElement\":[{\"@type\":\"ListItem\",\"position\":1,\"name\":\"Accueil\",\"item\":\"https:\\\/\\\/spindle.team\\\/es\\\/\"},{\"@type\":\"ListItem\",\"position\":2,\"name\":\"Spindle\",\"item\":\"https:\\\/\\\/spindle.team\\\/es\\\/spindle\\\/\"},{\"@type\":\"ListItem\",\"position\":3,\"name\":\"nuestras inspiraciones\"}]},{\"@type\":\"WebSite\",\"@id\":\"https:\\\/\\\/spindle.team\\\/#website\",\"url\":\"https:\\\/\\\/spindle.team\\\/\",\"name\":\"Spindle\",\"description\":\"agile interactions\",\"publisher\":{\"@id\":\"https:\\\/\\\/spindle.team\\\/#organization\"},\"potentialAction\":[{\"@type\":\"SearchAction\",\"target\":{\"@type\":\"EntryPoint\",\"urlTemplate\":\"https:\\\/\\\/spindle.team\\\/?s={search_term_string}\"},\"query-input\":{\"@type\":\"PropertyValueSpecification\",\"valueRequired\":true,\"valueName\":\"search_term_string\"}}],\"inLanguage\":\"es\"},{\"@type\":\"Organization\",\"@id\":\"https:\\\/\\\/spindle.team\\\/#organization\",\"name\":\"Spindle\",\"url\":\"https:\\\/\\\/spindle.team\\\/\",\"logo\":{\"@type\":\"ImageObject\",\"inLanguage\":\"es\",\"@id\":\"https:\\\/\\\/spindle.team\\\/#\\\/schema\\\/logo\\\/image\\\/\",\"url\":\"https:\\\/\\\/spindle.team\\\/wp-content\\\/uploads\\\/2020\\\/09\\\/newlogo-spindle-1-e1600856111458.png\",\"contentUrl\":\"https:\\\/\\\/spindle.team\\\/wp-content\\\/uploads\\\/2020\\\/09\\\/newlogo-spindle-1-e1600856111458.png\",\"width\":1200,\"height\":399,\"caption\":\"Spindle\"},\"image\":{\"@id\":\"https:\\\/\\\/spindle.team\\\/#\\\/schema\\\/logo\\\/image\\\/\"},\"sameAs\":[\"https:\\\/\\\/x.com\\\/SpindleAgile\",\"https:\\\/\\\/www.linkedin.com\\\/company\\\/spindle-agile\\\/\",\"https:\\\/\\\/www.youtube.com\\\/channel\\\/UCDC9QfB44OWw0fo86fPCXyg\"]}]}<\/script>\n<!-- \/ Yoast SEO plugin. -->","yoast_head_json":{"title":"Las inspiraciones","description":"Nuestras reflexiones y nuestras pr\u00e1cticas cuentan con muchas aportaciones de las ciencias sociales, innovaciones de RR. HH., m\u00e9todos de proyectos \u00e1giles, psicolog\u00eda, coaching y otros campos.","robots":{"index":"index","follow":"follow","max-snippet":"max-snippet:-1","max-image-preview":"max-image-preview:large","max-video-preview":"max-video-preview:-1"},"canonical":"https:\/\/spindle.team\/es\/spindle\/nuestras-inspiraciones\/","og_locale":"es_ES","og_type":"article","og_title":"Las inspiraciones","og_description":"Nuestras reflexiones y nuestras pr\u00e1cticas cuentan con muchas aportaciones de las ciencias sociales, innovaciones de RR. HH., m\u00e9todos de proyectos \u00e1giles, psicolog\u00eda, coaching y otros campos.","og_url":"https:\/\/spindle.team\/es\/spindle\/nuestras-inspiraciones\/","og_site_name":"Spindle","article_modified_time":"2020-06-18T09:23:46+00:00","twitter_card":"summary_large_image","twitter_site":"@SpindleAgile","twitter_misc":{"Tiempo de lectura":"4 minutos"},"schema":{"@context":"https:\/\/schema.org","@graph":[{"@type":"WebPage","@id":"https:\/\/spindle.team\/es\/spindle\/nuestras-inspiraciones\/","url":"https:\/\/spindle.team\/es\/spindle\/nuestras-inspiraciones\/","name":"Las inspiraciones","isPartOf":{"@id":"https:\/\/spindle.team\/#website"},"datePublished":"2020-05-07T09:21:19+00:00","dateModified":"2020-06-18T09:23:46+00:00","description":"Nuestras reflexiones y nuestras pr\u00e1cticas cuentan con muchas aportaciones de las ciencias sociales, innovaciones de RR. HH., m\u00e9todos de proyectos \u00e1giles, psicolog\u00eda, coaching y otros campos.","breadcrumb":{"@id":"https:\/\/spindle.team\/es\/spindle\/nuestras-inspiraciones\/#breadcrumb"},"inLanguage":"es","potentialAction":[{"@type":"ReadAction","target":["https:\/\/spindle.team\/es\/spindle\/nuestras-inspiraciones\/"]}]},{"@type":"BreadcrumbList","@id":"https:\/\/spindle.team\/es\/spindle\/nuestras-inspiraciones\/#breadcrumb","itemListElement":[{"@type":"ListItem","position":1,"name":"Accueil","item":"https:\/\/spindle.team\/es\/"},{"@type":"ListItem","position":2,"name":"Spindle","item":"https:\/\/spindle.team\/es\/spindle\/"},{"@type":"ListItem","position":3,"name":"nuestras inspiraciones"}]},{"@type":"WebSite","@id":"https:\/\/spindle.team\/#website","url":"https:\/\/spindle.team\/","name":"Spindle","description":"agile interactions","publisher":{"@id":"https:\/\/spindle.team\/#organization"},"potentialAction":[{"@type":"SearchAction","target":{"@type":"EntryPoint","urlTemplate":"https:\/\/spindle.team\/?s={search_term_string}"},"query-input":{"@type":"PropertyValueSpecification","valueRequired":true,"valueName":"search_term_string"}}],"inLanguage":"es"},{"@type":"Organization","@id":"https:\/\/spindle.team\/#organization","name":"Spindle","url":"https:\/\/spindle.team\/","logo":{"@type":"ImageObject","inLanguage":"es","@id":"https:\/\/spindle.team\/#\/schema\/logo\/image\/","url":"https:\/\/spindle.team\/wp-content\/uploads\/2020\/09\/newlogo-spindle-1-e1600856111458.png","contentUrl":"https:\/\/spindle.team\/wp-content\/uploads\/2020\/09\/newlogo-spindle-1-e1600856111458.png","width":1200,"height":399,"caption":"Spindle"},"image":{"@id":"https:\/\/spindle.team\/#\/schema\/logo\/image\/"},"sameAs":["https:\/\/x.com\/SpindleAgile","https:\/\/www.linkedin.com\/company\/spindle-agile\/","https:\/\/www.youtube.com\/channel\/UCDC9QfB44OWw0fo86fPCXyg"]}]}},"_links":{"self":[{"href":"https:\/\/spindle.team\/es\/wp-json\/wp\/v2\/pages\/17932","targetHints":{"allow":["GET"]}}],"collection":[{"href":"https:\/\/spindle.team\/es\/wp-json\/wp\/v2\/pages"}],"about":[{"href":"https:\/\/spindle.team\/es\/wp-json\/wp\/v2\/types\/page"}],"author":[{"embeddable":true,"href":"https:\/\/spindle.team\/es\/wp-json\/wp\/v2\/users\/1"}],"replies":[{"embeddable":true,"href":"https:\/\/spindle.team\/es\/wp-json\/wp\/v2\/comments?post=17932"}],"version-history":[{"count":4,"href":"https:\/\/spindle.team\/es\/wp-json\/wp\/v2\/pages\/17932\/revisions"}],"predecessor-version":[{"id":18540,"href":"https:\/\/spindle.team\/es\/wp-json\/wp\/v2\/pages\/17932\/revisions\/18540"}],"up":[{"embeddable":true,"href":"https:\/\/spindle.team\/es\/wp-json\/wp\/v2\/pages\/17911"}],"wp:attachment":[{"href":"https:\/\/spindle.team\/es\/wp-json\/wp\/v2\/media?parent=17932"}],"curies":[{"name":"wp","href":"https:\/\/api.w.org\/{rel}","templated":true}]}}