{"id":17938,"date":"2020-05-07T11:23:51","date_gmt":"2020-05-07T09:23:51","guid":{"rendered":"https:\/\/spindle.team\/?page_id=17938"},"modified":"2020-07-21T16:00:20","modified_gmt":"2020-07-21T14:00:20","slug":"herramientas","status":"publish","type":"page","link":"https:\/\/spindle.team\/es\/herramientas\/","title":{"rendered":"herramientas"},"content":{"rendered":"<p>[et_pb_section fb_built=\u00bb1&#8243; admin_label=\u00bbHero Section\u00bb _builder_version=\u00bb4.2.2&#8243; use_background_color_gradient=\u00bbon\u00bb background_color_gradient_start=\u00bb#fee2d7&#8243; background_color_gradient_end=\u00bb#ffbba0&#8243; background_color_gradient_direction=\u00bb131deg\u00bb background_image=\u00bbhttps:\/\/spindle.team\/wp-content\/uploads\/2020\/02\/bg-ciel.jpg\u00bb custom_margin=\u00bb||-4px|||\u00bb custom_padding=\u00bb0px|0px|4px|0px||\u00bb animation_direction=\u00bbtop\u00bb locked=\u00bboff\u00bb][et_pb_row column_structure=\u00bb2_5,3_5&#8243; custom_padding_last_edited=\u00bbon|phone\u00bb _builder_version=\u00bb4.2.2&#8243; max_width=\u00bb1440px\u00bb custom_margin=\u00bb|auto|40px|auto||\u00bb custom_margin_tablet=\u00bb\u00bb custom_margin_phone=\u00bb||20px||false|false\u00bb custom_margin_last_edited=\u00bbon|phone\u00bb custom_padding=\u00bb70px||0px||false|false\u00bb custom_padding_tablet=\u00bb\u00bb custom_padding_phone=\u00bb20px||||false|false\u00bb use_custom_width=\u00bbon\u00bb custom_width_px=\u00bb1440px\u00bb][et_pb_column type=\u00bb2_5&#8243; _builder_version=\u00bb3.25&#8243; custom_padding=\u00bb|||\u00bb custom_padding__hover=\u00bb|||\u00bb][et_pb_image src=\u00bbhttps:\/\/spindle.team\/wp-content\/uploads\/2020\/03\/bullets-3.svg\u00bb align=\u00bbright\u00bb module_class=\u00bbhide_on_mobile\u00bb _builder_version=\u00bb4.2.2&#8243; positioning=\u00bbabsolute\u00bb position_origin_a=\u00bbbottom_center\u00bb vertical_offset=\u00bb-188px\u00bb width=\u00bb100%\u00bb height=\u00bb594px\u00bb custom_margin=\u00bb50px||||false|false\u00bb][\/et_pb_image][\/et_pb_column][et_pb_column type=\u00bb3_5&#8243; _builder_version=\u00bb3.25&#8243; custom_padding=\u00bb|||\u00bb custom_padding__hover=\u00bb|||\u00bb][et_pb_text _builder_version=\u00bb4.2.2&#8243; background_layout=\u00bbdark\u00bb width=\u00bb100%\u00bb min_height=\u00bb81px\u00bb custom_margin=\u00bb0px||27px||false|false\u00bb custom_padding=\u00bb0px||11px||false|false\u00bb locked=\u00bboff\u00bb]<\/p>\n<h1>herramientas_<\/h1>\n<p>[\/et_pb_text][\/et_pb_column][\/et_pb_row][\/et_pb_section][et_pb_section fb_built=\u00bb1&#8243; _builder_version=\u00bb4.2.2&#8243;][et_pb_row column_structure=\u00bb1_4,1_4,1_4,1_4&#8243; _builder_version=\u00bb4.2.2&#8243; max_width=\u00bb1920px\u00bb][et_pb_column type=\u00bb1_4&#8243; _builder_version=\u00bb4.2.2&#8243;][\/et_pb_column][et_pb_column type=\u00bb1_4&#8243; _builder_version=\u00bb4.2.2&#8243;][et_pb_text _builder_version=\u00bb4.3.4&#8243; header_2_font=\u00bbAverta-Black|700|||||||\u00bb header_2_font_size=\u00bb29px\u00bb custom_margin=\u00bb||0px||false|false\u00bb hover_enabled=\u00bb0&#8243; header_font_size_tablet=\u00bb\u00bb header_font_size_phone=\u00bb\u00bb header_font_size_last_edited=\u00bbon|desktop\u00bb locked=\u00bboff\u00bb]<\/p>\n<h2>El emerge\u00a9 modelo<\/h2>\n<p>[\/et_pb_text][et_pb_text _builder_version=\u00bb4.3.4&#8243; header_2_font=\u00bbAverta-Black|700|||||||\u00bb header_2_font_size=\u00bb29px\u00bb custom_margin=\u00bb||20px||false|false\u00bb header_font_size_tablet=\u00bb\u00bb header_font_size_phone=\u00bb\u00bb header_font_size_last_edited=\u00bbon|desktop\u00bb locked=\u00bboff\u00bb]<\/p>\n<p>Con m\u00e1s de 15 a\u00f1os de experiencia en I+D, Spindle ha desarrollado un enfoque \u00fanico que integra lo mejor de los m\u00e9todos que impulsan la agilidad.<\/p>\n<p>[\/et_pb_text][et_pb_code _builder_version=\u00bb4.3.4&#8243; text_orientation=\u00bbleft\u00bb max_width=\u00bb500px\u00bb locked=\u00bboff\u00bb]<button class=\"bouton_anime_spindle\"><!-- [et_pb_line_break_holder] --><a href=\"\/es\/herramientas\/el-metamodelo\/\">En savoir plus<\/a><\/button>[\/et_pb_code][\/et_pb_column][et_pb_column type=\u00bb1_4&#8243; _builder_version=\u00bb4.2.2&#8243;][et_pb_text _builder_version=\u00bb4.2.2&#8243; header_2_font=\u00bbAverta-Black|700|||||||\u00bb header_2_font_size=\u00bb29px\u00bb custom_margin=\u00bb||0px||false|false\u00bb header_font_size_tablet=\u00bb\u00bb header_font_size_phone=\u00bb\u00bb header_font_size_last_edited=\u00bbon|desktop\u00bb locked=\u00bboff\u00bb]<\/p>\n<h2>Holoon<\/h2>\n<p>[\/et_pb_text][et_pb_text _builder_version=\u00bb4.3.4&#8243; header_2_font=\u00bbAverta-Black|700|||||||\u00bb header_2_font_size=\u00bb29px\u00bb custom_margin=\u00bb||20px||false|false\u00bb header_font_size_tablet=\u00bb\u00bb header_font_size_phone=\u00bb\u00bb header_font_size_last_edited=\u00bbon|desktop\u00bb locked=\u00bboff\u00bb]<\/p>\n<p>Spindle ha desarrollado, en colaboraci\u00f3n con la sociedad Holoon, una plataforma para respaldar el proceso de transformaci\u00f3n cultural.<\/p>\n<p>[\/et_pb_text][et_pb_code _builder_version=\u00bb4.3.4&#8243; text_orientation=\u00bbleft\u00bb max_width=\u00bb500px\u00bb locked=\u00bboff\u00bb]<button class=\"bouton_anime_spindle\"><!-- [et_pb_line_break_holder] --><a href=\"\/es\/herramientas\/holoon\/\">En savoir plus<\/a><\/button>[\/et_pb_code][\/et_pb_column][et_pb_column type=\u00bb1_4&#8243; _builder_version=\u00bb4.2.2&#8243;][\/et_pb_column][\/et_pb_row][\/et_pb_section]<\/p>\n","protected":false},"excerpt":{"rendered":"<p>herramientas_El emerge\u00a9 modelo Con m\u00e1s de 15 a\u00f1os de experiencia en I+D, Spindle ha desarrollado un enfoque \u00fanico que integra lo mejor de los m\u00e9todos que impulsan la agilidad.HoloonSpindle ha desarrollado, en colaboraci\u00f3n con la sociedad Holoon, una plataforma para respaldar el proceso de transformaci\u00f3n cultural.<\/p>\n","protected":false},"author":1,"featured_media":0,"parent":0,"menu_order":0,"comment_status":"closed","ping_status":"closed","template":"","meta":{"_et_pb_use_builder":"on","_et_pb_old_content":"[et_pb_section fb_built=\"1\" admin_label=\"Hero Section\" _builder_version=\"4.2.2\" use_background_color_gradient=\"on\" background_color_gradient_start=\"#fee2d7\" background_color_gradient_end=\"#ffbba0\" background_color_gradient_direction=\"131deg\" background_image=\"https:\/\/spindle.team\/wp-content\/uploads\/2020\/02\/bg-ciel.jpg\" custom_margin=\"||-4px|||\" custom_padding=\"0px|0px|4px|0px||\" animation_direction=\"top\" locked=\"off\"][et_pb_row column_structure=\"2_5,3_5\" custom_padding_last_edited=\"on|phone\" _builder_version=\"4.2.2\" max_width=\"1440px\" custom_margin=\"|auto|40px|auto||\" custom_margin_tablet=\"\" custom_margin_phone=\"||20px||false|false\" custom_margin_last_edited=\"on|phone\" custom_padding=\"70px||0px||false|false\" custom_padding_tablet=\"\" custom_padding_phone=\"20px||||false|false\" use_custom_width=\"on\" custom_width_px=\"1440px\"][et_pb_column type=\"2_5\" _builder_version=\"3.25\" custom_padding=\"|||\" custom_padding__hover=\"|||\"][et_pb_image src=\"https:\/\/spindle.team\/wp-content\/uploads\/2020\/03\/bullets-3.svg\" align=\"right\" module_class=\"hide_on_mobile\" _builder_version=\"4.2.2\" positioning=\"absolute\" position_origin_a=\"bottom_center\" vertical_offset=\"-188px\" width=\"100%\" height=\"594px\" custom_margin=\"50px||||false|false\"][\/et_pb_image][\/et_pb_column][et_pb_column type=\"3_5\" _builder_version=\"3.25\" custom_padding=\"|||\" custom_padding__hover=\"|||\"][et_pb_text _builder_version=\"4.2.2\" background_layout=\"dark\" width=\"100%\" min_height=\"81px\" custom_margin=\"0px||27px||false|false\" custom_padding=\"0px||11px||false|false\" locked=\"off\"]<h1>outils_<\/h1>[\/et_pb_text][\/et_pb_column][\/et_pb_row][\/et_pb_section][et_pb_section fb_built=\"1\" _builder_version=\"4.2.2\"][et_pb_row column_structure=\"1_4,1_4,1_4,1_4\" _builder_version=\"4.2.2\" max_width=\"1920px\"][et_pb_column type=\"1_4\" _builder_version=\"4.2.2\"][\/et_pb_column][et_pb_column type=\"1_4\" _builder_version=\"4.2.2\"][et_pb_text _builder_version=\"4.2.2\" header_2_font=\"Averta-Black|700|||||||\" header_2_font_size=\"29px\" custom_margin=\"||0px||false|false\" header_font_size_tablet=\"\" header_font_size_phone=\"\" header_font_size_last_edited=\"on|desktop\" locked=\"off\"]<h2>M\u00e9tamod\u00e8le<\/h2>[\/et_pb_text][et_pb_text _builder_version=\"4.2.2\" header_2_font=\"Averta-Black|700|||||||\" header_2_font_size=\"29px\" custom_margin=\"||20px||false|false\" header_font_size_tablet=\"\" header_font_size_phone=\"\" header_font_size_last_edited=\"on|desktop\" locked=\"off\"]Fort de plus de 15 ans de R&D, Spindle a d\u00e9velopp\u00e9 une approche unique qui int\u00e8gre le meilleur des m\u00e9thodes qui favorisant l\u2019agilit\u00e9.[\/et_pb_text][et_pb_code _builder_version=\"4.2.2\" text_orientation=\"left\" max_width=\"500px\" locked=\"off\"]<button class=\"bouton_anime_spindle\"><!-- [et_pb_line_break_holder] --><a href=\"\/nous-spindle\/metamodele\/\">En savoir plus<\/a><\/button>[\/et_pb_code][\/et_pb_column][et_pb_column type=\"1_4\" _builder_version=\"4.2.2\"][et_pb_text _builder_version=\"4.2.2\" header_2_font=\"Averta-Black|700|||||||\" header_2_font_size=\"29px\" custom_margin=\"||0px||false|false\" header_font_size_tablet=\"\" header_font_size_phone=\"\" header_font_size_last_edited=\"on|desktop\" locked=\"off\"]<h2>Holoon<\/h2>[\/et_pb_text][et_pb_text _builder_version=\"4.2.2\" header_2_font=\"Averta-Black|700|||||||\" header_2_font_size=\"29px\" custom_margin=\"||20px||false|false\" header_font_size_tablet=\"\" header_font_size_phone=\"\" header_font_size_last_edited=\"on|desktop\" locked=\"off\"]Spindle a d\u00e9velopp\u00e9 en partenariat avec la soci\u00e9t\u00e9 Holoon, une plateforme pour soutenir le processus de transformation culturelle.[\/et_pb_text][et_pb_code _builder_version=\"4.2.2\" text_orientation=\"left\" max_width=\"500px\" locked=\"off\"]<button class=\"bouton_anime_spindle\"><!-- [et_pb_line_break_holder] --><a href=\"\/nous-spindle\/holoon\/\">En savoir plus<\/a><\/button>[\/et_pb_code][\/et_pb_column][et_pb_column type=\"1_4\" _builder_version=\"4.2.2\"][\/et_pb_column][\/et_pb_row][\/et_pb_section]","_et_gb_content_width":"","footnotes":""},"class_list":["post-17938","page","type-page","status-publish","hentry"],"yoast_head":"<!-- This site is optimized with the Yoast SEO plugin v27.3 - https:\/\/yoast.com\/product\/yoast-seo-wordpress\/ -->\n<title>herramientas - Spindle<\/title>\n<meta name=\"robots\" content=\"index, follow, max-snippet:-1, max-image-preview:large, max-video-preview:-1\" \/>\n<link rel=\"canonical\" href=\"https:\/\/spindle.team\/es\/herramientas\/\" \/>\n<meta property=\"og:locale\" content=\"es_ES\" \/>\n<meta property=\"og:type\" content=\"article\" \/>\n<meta property=\"og:title\" content=\"herramientas - Spindle\" \/>\n<meta property=\"og:description\" content=\"herramientas_El emerge\u00a9 modelo Con m\u00e1s de 15 a\u00f1os de experiencia en I+D, Spindle ha desarrollado un enfoque \u00fanico que integra lo mejor de los m\u00e9todos que impulsan la agilidad.HoloonSpindle ha desarrollado, en colaboraci\u00f3n con la sociedad Holoon, una plataforma para respaldar el proceso de transformaci\u00f3n cultural.\" \/>\n<meta property=\"og:url\" content=\"https:\/\/spindle.team\/es\/herramientas\/\" \/>\n<meta property=\"og:site_name\" content=\"Spindle\" \/>\n<meta property=\"article:modified_time\" content=\"2020-07-21T14:00:20+00:00\" \/>\n<meta name=\"twitter:card\" content=\"summary_large_image\" \/>\n<meta name=\"twitter:site\" content=\"@SpindleAgile\" \/>\n<meta name=\"twitter:label1\" content=\"Tiempo de lectura\" \/>\n\t<meta name=\"twitter:data1\" content=\"3 minutos\" \/>\n<script type=\"application\/ld+json\" class=\"yoast-schema-graph\">{\"@context\":\"https:\\\/\\\/schema.org\",\"@graph\":[{\"@type\":\"WebPage\",\"@id\":\"https:\\\/\\\/spindle.team\\\/es\\\/herramientas\\\/\",\"url\":\"https:\\\/\\\/spindle.team\\\/es\\\/herramientas\\\/\",\"name\":\"herramientas - Spindle\",\"isPartOf\":{\"@id\":\"https:\\\/\\\/spindle.team\\\/#website\"},\"datePublished\":\"2020-05-07T09:23:51+00:00\",\"dateModified\":\"2020-07-21T14:00:20+00:00\",\"breadcrumb\":{\"@id\":\"https:\\\/\\\/spindle.team\\\/es\\\/herramientas\\\/#breadcrumb\"},\"inLanguage\":\"es\",\"potentialAction\":[{\"@type\":\"ReadAction\",\"target\":[\"https:\\\/\\\/spindle.team\\\/es\\\/herramientas\\\/\"]}]},{\"@type\":\"BreadcrumbList\",\"@id\":\"https:\\\/\\\/spindle.team\\\/es\\\/herramientas\\\/#breadcrumb\",\"itemListElement\":[{\"@type\":\"ListItem\",\"position\":1,\"name\":\"Accueil\",\"item\":\"https:\\\/\\\/spindle.team\\\/es\\\/\"},{\"@type\":\"ListItem\",\"position\":2,\"name\":\"herramientas\"}]},{\"@type\":\"WebSite\",\"@id\":\"https:\\\/\\\/spindle.team\\\/#website\",\"url\":\"https:\\\/\\\/spindle.team\\\/\",\"name\":\"Spindle\",\"description\":\"agile interactions\",\"publisher\":{\"@id\":\"https:\\\/\\\/spindle.team\\\/#organization\"},\"potentialAction\":[{\"@type\":\"SearchAction\",\"target\":{\"@type\":\"EntryPoint\",\"urlTemplate\":\"https:\\\/\\\/spindle.team\\\/?s={search_term_string}\"},\"query-input\":{\"@type\":\"PropertyValueSpecification\",\"valueRequired\":true,\"valueName\":\"search_term_string\"}}],\"inLanguage\":\"es\"},{\"@type\":\"Organization\",\"@id\":\"https:\\\/\\\/spindle.team\\\/#organization\",\"name\":\"Spindle\",\"url\":\"https:\\\/\\\/spindle.team\\\/\",\"logo\":{\"@type\":\"ImageObject\",\"inLanguage\":\"es\",\"@id\":\"https:\\\/\\\/spindle.team\\\/#\\\/schema\\\/logo\\\/image\\\/\",\"url\":\"https:\\\/\\\/spindle.team\\\/wp-content\\\/uploads\\\/2020\\\/09\\\/newlogo-spindle-1-e1600856111458.png\",\"contentUrl\":\"https:\\\/\\\/spindle.team\\\/wp-content\\\/uploads\\\/2020\\\/09\\\/newlogo-spindle-1-e1600856111458.png\",\"width\":1200,\"height\":399,\"caption\":\"Spindle\"},\"image\":{\"@id\":\"https:\\\/\\\/spindle.team\\\/#\\\/schema\\\/logo\\\/image\\\/\"},\"sameAs\":[\"https:\\\/\\\/x.com\\\/SpindleAgile\",\"https:\\\/\\\/www.linkedin.com\\\/company\\\/spindle-agile\\\/\",\"https:\\\/\\\/www.youtube.com\\\/channel\\\/UCDC9QfB44OWw0fo86fPCXyg\"]}]}<\/script>\n<!-- \/ Yoast SEO plugin. -->","yoast_head_json":{"title":"herramientas - Spindle","robots":{"index":"index","follow":"follow","max-snippet":"max-snippet:-1","max-image-preview":"max-image-preview:large","max-video-preview":"max-video-preview:-1"},"canonical":"https:\/\/spindle.team\/es\/herramientas\/","og_locale":"es_ES","og_type":"article","og_title":"herramientas - Spindle","og_description":"herramientas_El emerge\u00a9 modelo Con m\u00e1s de 15 a\u00f1os de experiencia en I+D, Spindle ha desarrollado un enfoque \u00fanico que integra lo mejor de los m\u00e9todos que impulsan la agilidad.HoloonSpindle ha desarrollado, en colaboraci\u00f3n con la sociedad Holoon, una plataforma para respaldar el proceso de transformaci\u00f3n cultural.","og_url":"https:\/\/spindle.team\/es\/herramientas\/","og_site_name":"Spindle","article_modified_time":"2020-07-21T14:00:20+00:00","twitter_card":"summary_large_image","twitter_site":"@SpindleAgile","twitter_misc":{"Tiempo de lectura":"3 minutos"},"schema":{"@context":"https:\/\/schema.org","@graph":[{"@type":"WebPage","@id":"https:\/\/spindle.team\/es\/herramientas\/","url":"https:\/\/spindle.team\/es\/herramientas\/","name":"herramientas - Spindle","isPartOf":{"@id":"https:\/\/spindle.team\/#website"},"datePublished":"2020-05-07T09:23:51+00:00","dateModified":"2020-07-21T14:00:20+00:00","breadcrumb":{"@id":"https:\/\/spindle.team\/es\/herramientas\/#breadcrumb"},"inLanguage":"es","potentialAction":[{"@type":"ReadAction","target":["https:\/\/spindle.team\/es\/herramientas\/"]}]},{"@type":"BreadcrumbList","@id":"https:\/\/spindle.team\/es\/herramientas\/#breadcrumb","itemListElement":[{"@type":"ListItem","position":1,"name":"Accueil","item":"https:\/\/spindle.team\/es\/"},{"@type":"ListItem","position":2,"name":"herramientas"}]},{"@type":"WebSite","@id":"https:\/\/spindle.team\/#website","url":"https:\/\/spindle.team\/","name":"Spindle","description":"agile interactions","publisher":{"@id":"https:\/\/spindle.team\/#organization"},"potentialAction":[{"@type":"SearchAction","target":{"@type":"EntryPoint","urlTemplate":"https:\/\/spindle.team\/?s={search_term_string}"},"query-input":{"@type":"PropertyValueSpecification","valueRequired":true,"valueName":"search_term_string"}}],"inLanguage":"es"},{"@type":"Organization","@id":"https:\/\/spindle.team\/#organization","name":"Spindle","url":"https:\/\/spindle.team\/","logo":{"@type":"ImageObject","inLanguage":"es","@id":"https:\/\/spindle.team\/#\/schema\/logo\/image\/","url":"https:\/\/spindle.team\/wp-content\/uploads\/2020\/09\/newlogo-spindle-1-e1600856111458.png","contentUrl":"https:\/\/spindle.team\/wp-content\/uploads\/2020\/09\/newlogo-spindle-1-e1600856111458.png","width":1200,"height":399,"caption":"Spindle"},"image":{"@id":"https:\/\/spindle.team\/#\/schema\/logo\/image\/"},"sameAs":["https:\/\/x.com\/SpindleAgile","https:\/\/www.linkedin.com\/company\/spindle-agile\/","https:\/\/www.youtube.com\/channel\/UCDC9QfB44OWw0fo86fPCXyg"]}]}},"_links":{"self":[{"href":"https:\/\/spindle.team\/es\/wp-json\/wp\/v2\/pages\/17938","targetHints":{"allow":["GET"]}}],"collection":[{"href":"https:\/\/spindle.team\/es\/wp-json\/wp\/v2\/pages"}],"about":[{"href":"https:\/\/spindle.team\/es\/wp-json\/wp\/v2\/types\/page"}],"author":[{"embeddable":true,"href":"https:\/\/spindle.team\/es\/wp-json\/wp\/v2\/users\/1"}],"replies":[{"embeddable":true,"href":"https:\/\/spindle.team\/es\/wp-json\/wp\/v2\/comments?post=17938"}],"version-history":[{"count":6,"href":"https:\/\/spindle.team\/es\/wp-json\/wp\/v2\/pages\/17938\/revisions"}],"predecessor-version":[{"id":18629,"href":"https:\/\/spindle.team\/es\/wp-json\/wp\/v2\/pages\/17938\/revisions\/18629"}],"wp:attachment":[{"href":"https:\/\/spindle.team\/es\/wp-json\/wp\/v2\/media?parent=17938"}],"curies":[{"name":"wp","href":"https:\/\/api.w.org\/{rel}","templated":true}]}}